{"id":1881,"date":"2019-06-12T22:16:54","date_gmt":"2019-06-12T20:16:54","guid":{"rendered":"https:\/\/www.jennifer-b-wind.com\/wordpress-2019\/?page_id=1881"},"modified":"2025-08-27T22:33:29","modified_gmt":"2025-08-27T20:33:29","slug":"vita-2","status":"publish","type":"page","link":"https:\/\/www.jennifer-b-wind.com\/wordpress-2019\/autorin\/vita-2\/","title":{"rendered":"Vita"},"content":{"rendered":"<h5><strong>Vita (Stand 2025)<\/strong><\/h5>\r\n<div id=\"c481\" class=\"csc-default\">\r\n<div class=\"csc-textpic csc-textpic-intext-left\">\r\n<div class=\"csc-textpic-text\">\r\n<p>Die Bestsellerautorin mit einem Faible f\u00fcr Asien und Australien mit Gesangs- Schauspiel- und Klavierausbildung, schreibt unter Klarnamen und Pseudonymen f\u00fcr alle Altersklassen Romane, Drehb\u00fccher, Theaterst\u00fccke und Kurztexte, die mehrere Preise erhielten.<\/p>\r\n<p>Gleich ihr Deb\u00fctroman, der Thriller &#8222;Als Gott schlief&#8220;, wurde zum Bestseller und f\u00fcr den Wiener Kriminachwuchspreis nominiert, der Nachfolger &#8222;Als der Teufel erwachte&#8220; wurde ein Achtungserfolg und unter dem Titel &#8222;Wenn der Teufel erwacht&#8220; neu verlegt, stand er auf der Hugendubel und Weltbild Bestsellerliste.<\/p>\r\n<p>&#8222;Die Maske der Gewalt\u201d, der Auftakt mit dem Ermittler Richard Schwarz war schon im Erscheinungsmonat mehrere Wochen auf der BILD BESTSELLERLISTE. Der zweite Band &#8222;Die Maske der Schuld&#8220;, war f\u00fcr den FINE CRIME AWARD nominiert und wird von Sebastian Fitzek empfohlen. Mit \u201cDie Maske des Zorns\u201d geht diese Serie im Gmeiner Verlag 2025 weiter.<\/p>\r\n<p>2023 erschien der Cosy Kriminalroman mit Franzi F\u00fcrst als Ermittlerin &#8222;Wasserfallsturz&#8220; und der dritte Thriller mit Jutta Stern und Thomas Neumann &#8222;Wo das B\u00f6se regiert&#8220;<\/p>\r\n<p><strong>Das Markenzeichen der Jutta Stern Reihe: Gesellschaftskritische Fact Fiction<\/strong><\/p>\r\n<p><strong>Das Markenzeichen der Richard Schwarz Serie: D\u00fcster, dunkel, grausam und schockierend<\/strong><\/p>\r\n<p>Die von ihr herausgegebene Anthologie &#8222;Einmal kurz die Welt retten&#8220; (Gmeiner Verlag) wurde mehrfach nominiert und erhielt den goldenen Skoutz Award f\u00fcr die beste Anthologie des Jahres.<\/p>\r\n<p>Unter dem Pseudonym Jaane Janssen erscheint die Ostfriesland-Saga im Verlag Tinte und Feder, deren erster Band &#8222;Die Spur der Sehnsucht&#8220; ebenfalls auf der Bild Bestseller Liste stand und zum Buch des Monats bei Leserkanone nominiert wurde. Der zweite Band &#8222;Der Ruf des Horizonts ebenfalls. Au\u00dferdem standen beide B\u00e4nde monatelang in den Top 150 Kindle Charts<\/p>\r\n<p>Mit ihrer One-Woman-Krimi-Show sorgt die Autorin regelm\u00e4\u00dfig f\u00fcr spa\u00dfige Lesungen, gern zusammen mit Kolleg*innen. (Mit Veronika A. Grager etwa seit \u00fcber 10 Jahren als Duo &#8222;Die Triestingtaler Mordsfrauen&#8220;) Sie rezensiert seit vielen Jahren f\u00fcr Zeitschriften und Portale und ist seit 2012 Mitglied der Fachjury des Zeilen.lauf und schreib.art Literatur- und Lyrikpreises und war 2020 auch in der Friedrich Glauser Jury in der Sparte Kurzkrimi (erneut 2025).<\/p>\r\n<p>Als Schreibcoach begleitet sie Neo-Autor\/innen von der ersten Idee bis zur Verlagssuche beim Bookerfly Club, gibt Schreibtipps im Podcast und ist Hauptorganisatorin des Bookerfly Umsetzungskongresses f\u00fcr Autorinnen und Autoren. Sie ist u. a. Mitglied im Syndikat, bei der m\u00f6rderischen Schwestern, den \u00f6sterreichischen KrimiautorInnen und der Kulturvernetzung Nieder\u00f6sterreich.<\/p>\r\n<p>In ihrer Freizeit sitzt sie leidenschaftlich gern am Klavier und singt Jazz, Country, Blues, Soul, Hip-Hop, Gothic, Punk, mag aber auch Musicals, Opern und Movie-Soundtracks. Sie malt \u00d6lbilder und zeichnet Akte und Portraits mit Kohle und engagiert sich aktiv f\u00fcr Tier- und Umweltschutz und ist Gr\u00fcndungsmitglied der Climate Fiction Writers Europe.<\/p>\r\n<p>&nbsp;<\/p>\r\n<p>mehr Infos: www.jennifer-b-wind.com<\/p>\r\n<p><strong>Mitgliedschaften:<\/strong><\/p>\r\n<p><span id=\"author_biography\">Climate fiction writers europe, writers for future<br \/>IG Autor\/innen<br \/>M\u00f6rderische Schwestern www.moerderische-schwestern.eu<br \/>A.I.E.P. &#8211; \u00d6sterreichische Krimiautoren www.krimiautoren.at<br \/>Das Syndikat<br \/>Kulturvernetzung Nieder\u00f6sterreich<br \/>Literar Mechana<br \/><br \/><br \/><strong>Auszeichnungen:<\/strong><br \/><br \/>*goldener Skoutz Award 2023 in der Sparte Anthologien\u00a0<\/span><\/p>\r\n<p>*nominiert f\u00fcr den FINE CRIME AWARD 2020<\/p>\r\n<p><span id=\"author_biography\">* Young Medien Star 2014<br \/><br \/>*1. Platz beim &#8222;Totenschmaus&#8220; Kurzkrimi-Preis 2013<\/span><\/p>\r\n<p><span id=\"author_biography\">*Finalistin Freiburger Krimipreis 2013<br \/><br \/>*Nominiert f\u00fcr den Liese Prokop Preis 2012 in der Sparte Kunst und Kultur<br \/><br \/>*1. Platz beim &#8222;Zeilen.lauf&#8220; Literaturwettbewerb 2011 , im Rahmen des art.experience Kulturfestivals<br \/><br \/>*2. Platz beim Broilerbar Kurzkrimiwettbewerb 2010.<br \/><br \/>* Nominiert f\u00fcr den Wiener Krimipreis 2010 in der Sparte Nachwuchs (Rookie Award), der im Rahmen der Wiener Kriminacht vom EchoMediaVerlag ausgelobt wurde.<br \/><br \/>Die Romane der Autorin werden von folgender Agentur vertreten:<br \/><br \/>Literarische Agentur Lianne Kolf<br \/>Tengstra\u00dfe 8<br \/>80798 M\u00fcnchen<br \/><br \/><\/span><\/p>\r\n<p>&nbsp;<\/p>\r\n<\/div>\r\n<\/div>\r\n<\/div>\r\n<div id=\"c480\" class=\"csc-default\">\r\n<div class=\"csc-header csc-header-n2\">\r\n<h1>Termine<\/h1>\r\n<\/div>\r\n<\/div>\r\n<p>&nbsp;<\/p>\r\n<p>&nbsp;<\/p>\r\n<p>[vc_row][vc_column][vc_column_text]<br \/><\/p>\r\n<h5>Hier finden Sie eine kurze Vita.<\/h5>\r\n<h5>Find the english version of my short vita below!<\/h5>\r\n<p>\u00a0[\/vc_column_text][\/vc_column][\/vc_row][vc_row][vc_column][vc_column_text css_animation=&#8220;left-to-right&#8220; animation_duration=&#8220;2&#8243;]<\/p>\r\n<h3><strong>Kurzvita:<\/strong><\/h3>\r\n<p>Jennifer B. Wind ist in Leoben geboren, aufgewachsen in Wien; wohnt im Bezirk Baden bei Wien.<\/p>\r\n<p>Die ehemalige Flugbegleiterin schreibt Romane f\u00fcr Jugendliche und Erwachsene (Thriller, Krimis, Fantasy, Mystery), Drehb\u00fccher, Theaterst\u00fccke, Rezensionen und Kurztexte; zahlreiche Ver\u00f6ffentlichungen von Kurzgeschichten, Rezensionen und Gedichten in Literaturzeitschriften, Zeitungen, Anthologien und Magazinen;<\/p>\r\n<p>Sie ist Mitglied bei den M\u00f6rderischen Schwestern e.V., dem Syndikat, den IG Autor\/innen, der Kulturvernetzung Nieder\u00f6sterreich und den \u00d6sterreichischen Krimiautor\/innen (A.I.E.P.)<\/p>\r\n<p>Ihr Krimi-Deb\u00fct \u201eAls Gott schlief\u201c (2014) wurde umgehend zu einem Bestseller in Deutschland,\u00a0 in der Schweiz und in \u00d6sterreich..&#8220;Die Maske der Gewalt&#8220; stand 3 Wochen lang auf der Bild Bestseller Liste!<\/p>\r\n<h3>Auszeichnungen:<\/h3>\r\n<p>&nbsp;<\/p>\r\n<p>&nbsp;<\/p>\r\n<ul>\r\n<li>Young Medien Star 2014<\/li>\r\n<li>1. Platz beim Totenschmaus Kurzkrimi-Preis 2013<\/li>\r\n<li>1. Platz beim \u201eZeilen.lauf\u201c Literaturwettbewerb 2011<\/li>\r\n<li>2. Platz beim Broilerbar Kurzkrimiwettbewerb 2010<\/li>\r\n<\/ul>\r\n<h3>Nominierungen:<\/h3>\r\n<ul>\r\n<li>nominiert f\u00fcr den FINE CRIME AWARD 2020 (f\u00fcr &#8222;Die Maske der Schuld&#8220;)<\/li>\r\n<li>Finalistin beim Freiburger Krimipreis 2013<\/li>\r\n<li>Nominiert f\u00fcr den Liese-Prokop-Frauen-Preis 2012 (Sparte Kunst und Kultur)<\/li>\r\n<li>Nominiert f\u00fcr den Wiener Kriminachwuchspreis 2010<\/li>\r\n<\/ul>\r\n<p>&nbsp;<\/p>\r\n<h4>Links:<\/h4>\r\n<p><a href=\"https:\/\/www.pinterest.at\/jenniferbwind\/\">Pinterest<\/a><\/p>\r\n<p><a href=\"https:\/\/de-de.facebook.com\/jenniferbwind\/\">Facebook:<\/a><\/p>\r\n<p><a href=\"https:\/\/twitter.com\/jessica_hazard\">twitter:\u00a0<\/a><\/p>\r\n<p><a href=\"https:\/\/www.instagram.com\/jenniferb.wind\/\">instagram:<\/a><\/p>\r\n<p>&nbsp;<\/p>\r\n<p>[\/vc_column_text][gsf_space desktop=&#8220;90&#8243; tablet=&#8220;70&#8243; tablet_portrait=&#8220;60&#8243; mobile_landscape=&#8220;50&#8243; mobile=&#8220;40&#8243;][\/vc_column][\/vc_row][vc_row][vc_column][vc_column_text]<\/p>\r\n<h3><strong>Short Vita<br \/><\/strong><\/h3>\r\n<p>&nbsp;<\/p>\r\n<p>Jennifer B. Wind was born in Leoben, grows up in Vienna and lives in the south of Vienna in Austria.<\/p>\r\n<p>The former Flight attendant writes novels for young people and adults (Thrillers, Crime-Stories, Fantasy stories, Mystery stories) Screenplays, plays, reviews and short texts. She has had numerous publications of short stories, reviews and poems in literature magazines, newspapers, anthologies and magazines;<\/p>\r\n<p>She is a member of the Murder Sisters, the syndikat, the Austrian Crime Writers, the Austrian Female Crime Writers, Cultural Network Lower Austria, IG Authors;<\/p>\r\n<p>Her crime fiction debut \u201cAls Gott schlief\u201d (2014) was an instant bestseller in Germany, Switzerland an Austria. &#8222;Die Maske der Schuld&#8220; was also a bestseller (Bild Bestseller Liste).<\/p>\r\n<p>&nbsp;<\/p>\r\n<h3>Awards:<\/h3>\r\n<ul>\r\n<li>Young Medien Star 2014<\/li>\r\n<li>1<sup>st<\/sup> place with the totenschmaus short-crime competition 2013<\/li>\r\n<li>1<sup>st<\/sup> place with the zeilen-lauf literature competition 2011<\/li>\r\n<li>2<sup>nd<\/sup> place with the broilerbar crime-short-story competition 2010<\/li>\r\n<\/ul>\r\n<p><strong>\u00a0<\/strong><\/p>\r\n<h3>Nominations:<\/h3>\r\n<ul>\r\n<li>nominated for FINE CRIME AWARD 2020<\/li>\r\n<li>Finalist Freiburger Short Crime Contest 2013<\/li>\r\n<li>Nominated for the Liese Prokop Woman-Award 2012 (section art and culture)<\/li>\r\n<li>Nominated for the Viennese crime award 2010 (section rookie award)<\/li>\r\n<\/ul>\r\n<p>&nbsp;<\/p>\r\n<p>Find the Author on:<\/p>\r\n<p><a href=\"https:\/\/twitter.com\/jessica_hazard\"><em><u>twitter<\/u><\/em><\/a><em>: <\/em><\/p>\r\n<p><a href=\"http:\/\/www.instagram.com\/jenniferb.wind\/\">Instagram:<\/a><\/p>\r\n<p><a href=\"https:\/\/www.pinterest.at\/jenniferbwind\/\">Pinterest<\/a><\/p>\r\n<p><a href=\"https:\/\/de-de.facebook.com\/jenniferbwind\/\">Facebook<\/a><\/p>\r\n<p>[\/vc_column_text][\/vc_column][\/vc_row]<\/p>","protected":false},"excerpt":{"rendered":"<p>Vita (Stand 2025) Die Bestsellerautorin mit einem Faible f\u00fcr Asien und Australien mit Gesangs- Schauspiel- und Klavierausbildung, schreibt unter Klarnamen und Pseudonymen f\u00fcr alle Altersklassen Romane, Drehb\u00fccher, Theaterst\u00fccke und Kurztexte, die mehrere Preise erhielten. Gleich ihr Deb\u00fctroman, der Thriller &#8222;Als Gott schlief&#8220;, wurde zum Bestseller und f\u00fcr den Wiener Kriminachwuchspreis nominiert, der Nachfolger &#8222;Als der [&hellip;]<\/p>\n","protected":false},"author":2,"featured_media":0,"parent":508,"menu_order":0,"comment_status":"closed","ping_status":"closed","template":"","meta":[],"_links":{"self":[{"href":"https:\/\/www.jennifer-b-wind.com\/wordpress-2019\/wp-json\/wp\/v2\/pages\/1881"}],"collection":[{"href":"https:\/\/www.jennifer-b-wind.com\/wordpress-2019\/wp-json\/wp\/v2\/pages"}],"about":[{"href":"https:\/\/www.jennifer-b-wind.com\/wordpress-2019\/wp-json\/wp\/v2\/types\/page"}],"author":[{"embeddable":true,"href":"https:\/\/www.jennifer-b-wind.com\/wordpress-2019\/wp-json\/wp\/v2\/users\/2"}],"replies":[{"embeddable":true,"href":"https:\/\/www.jennifer-b-wind.com\/wordpress-2019\/wp-json\/wp\/v2\/comments?post=1881"}],"version-history":[{"count":5,"href":"https:\/\/www.jennifer-b-wind.com\/wordpress-2019\/wp-json\/wp\/v2\/pages\/1881\/revisions"}],"predecessor-version":[{"id":3908,"href":"https:\/\/www.jennifer-b-wind.com\/wordpress-2019\/wp-json\/wp\/v2\/pages\/1881\/revisions\/3908"}],"up":[{"embeddable":true,"href":"https:\/\/www.jennifer-b-wind.com\/wordpress-2019\/wp-json\/wp\/v2\/pages\/508"}],"wp:attachment":[{"href":"https:\/\/www.jennifer-b-wind.com\/wordpress-2019\/wp-json\/wp\/v2\/media?parent=1881"}],"curies":[{"name":"wp","href":"https:\/\/api.w.org\/{rel}","templated":true}]}}