{"id":1998,"date":"2019-06-18T17:45:14","date_gmt":"2019-06-18T15:45:14","guid":{"rendered":"https:\/\/www.jennifer-b-wind.com\/wordpress-2019\/?page_id=1998"},"modified":"2022-06-02T14:22:58","modified_gmt":"2022-06-02T12:22:58","slug":"als-gott-schlief","status":"publish","type":"page","link":"https:\/\/www.jennifer-b-wind.com\/wordpress-2019\/buecher\/als-gott-schlief\/","title":{"rendered":"Als Gott schlief"},"content":{"rendered":"<p>[vc_row equal_height=&#8220;yes&#8220; content_placement=&#8220;middle&#8220; css=&#8220;.vc_custom_1542014395452{background-color: #f4f3ec !important;}&#8220;][vc_column][gsf_space desktop=&#8220;68&#8243; tablet=&#8220;55&#8243; tablet_portrait=&#8220;50&#8243; mobile_landscape=&#8220;45&#8243; mobile=&#8220;40&#8243;][\/vc_column][vc_column width=&#8220;1\/2&#8243;][gsf_page_title font_container=&#8220;text_align:left|color:%23333333&#8243; title_font_size_md=&#8220;34&#8243; title_font_size_sm=&#8220;28&#8243; title_font_size_mb=&#8220;24&#8243;][\/vc_column][vc_column width=&#8220;1\/2&#8243;][gsf_breadcrumbs align=&#8220;text-right&#8220; el_class=&#8220;sm-text-left&#8220;][\/vc_column][vc_column][gsf_space desktop=&#8220;67&#8243; tablet=&#8220;55&#8243; tablet_portrait=&#8220;50&#8243; mobile_landscape=&#8220;45&#8243; mobile=&#8220;40&#8243;][\/vc_column][\/vc_row][vc_row equal_height=&#8220;yes&#8220; content_placement=&#8220;middle&#8220; css=&#8220;.vc_custom_1542014395452{background-color: #f4f3ec !important;}&#8220;][vc_column][gsf_space desktop=&#8220;68&#8243; tablet=&#8220;55&#8243; tablet_portrait=&#8220;50&#8243; mobile_landscape=&#8220;45&#8243; mobile=&#8220;40&#8243;][vc_column_text]<\/p>\n<h3>JETZT nur f\u00fcr kurze Zeit: Die goldene Special Edition von &#8222;Als Gott schlief&#8220; mit Bonus Material!<\/h3>\n<h3><a href=\"https:\/\/www.amazon.de\/Als-Gott-schlief-Jennifer-Wind-ebook\/dp\/B00HS0SLS8\/ref=tmm_kin_swatch_0?_encoding=UTF8&amp;qid=1628516449&amp;sr=8-1\"><img loading=\"lazy\" class=\"aligncenter wp-image-3575 size-full\" src=\"https:\/\/www.jennifer-b-wind.com\/wordpress-2019\/wp-content\/uploads\/2022\/06\/Jubilee.png\" alt=\"\" width=\"366\" height=\"565\" srcset=\"https:\/\/www.jennifer-b-wind.com\/wordpress-2019\/wp-content\/uploads\/2022\/06\/Jubilee.png 366w, https:\/\/www.jennifer-b-wind.com\/wordpress-2019\/wp-content\/uploads\/2022\/06\/Jubilee-194x300.png 194w\" sizes=\"(max-width: 366px) 100vw, 366px\" \/><img loading=\"lazy\" class=\"aligncenter wp-image-3240 size-full\" src=\"https:\/\/www.jennifer-b-wind.com\/wordpress-2019\/wp-content\/uploads\/2021\/08\/wind-werbebanner-1.jpg\" alt=\"\" width=\"1240\" height=\"456\" srcset=\"https:\/\/www.jennifer-b-wind.com\/wordpress-2019\/wp-content\/uploads\/2021\/08\/wind-werbebanner-1.jpg 1240w, https:\/\/www.jennifer-b-wind.com\/wordpress-2019\/wp-content\/uploads\/2021\/08\/wind-werbebanner-1-300x110.jpg 300w, https:\/\/www.jennifer-b-wind.com\/wordpress-2019\/wp-content\/uploads\/2021\/08\/wind-werbebanner-1-768x282.jpg 768w, https:\/\/www.jennifer-b-wind.com\/wordpress-2019\/wp-content\/uploads\/2021\/08\/wind-werbebanner-1-1024x377.jpg 1024w\" sizes=\"(max-width: 1240px) 100vw, 1240px\" \/><\/a>Der erste Fall f\u00fcr Jutta Stern und Thomas Neumann<\/h3>\n<h5>Ein Schrei, der nie verhallen kann: Der abgr\u00fcndige Thriller \u00bbAls Gott schlief\u00ab von Bestsellerautorin Jennifer B. Wind jetzt als eBook bei dotbooks.<\/h5>\n<h5>Denn manche Schuld wird nie vergehen \u2026 Eine Serie brutaler Morde schockiert die \u00d6ffentlichkeit in \u00d6sterreich und Deutschland: Die Opfer werden auf grausame Weise zu Tode gefoltert \u2013 und es handelt sich bei ihnen um Geistliche und W\u00fcrdentr\u00e4ger der katholischen Kirche! Aber was hat es mit den geheimnisvollen Hinweisen auf sich, die an den Tatorten gefunden werden? Die Kriminalbeamtin Jutta Stern und ihr Partner Tom Neumann stehen vor einem R\u00e4tsel. Bei ihren Ermittlungen sto\u00dfen sie immer wieder auf eine Mauer aus Angst, L\u00fcgen und Schweigen \u2013 und entdecken eine Spur, die weit in die Vergangenheit zur\u00fcckreicht \u2026<\/h5>\n<h5>\u00bbEin Thriller, dessen schonungslose Darstellung vergangenen Unrechts schockt und unheimlich fesselnd ist.\u00ab Media-Mania.de<\/h5>\n<h5>Jetzt als eBook kaufen und genie\u00dfen: Der Bestseller \u00bbAls Gott schlief\u00ab von Jennifer B. Wind stellt ein ebenso schockierendes wie hochaktuelles Thema in den Mittelpunkt \u2013 Kindesmissbrauch in der katholischen Kirche. Ein Thriller, der unter die Haut geht. Wer liest, hat mehr vom Leben! dotbooks \u2013 der eBook-Verlag.<\/h5>\n<h5>Das Buch ist erstmals als E-Book bei Dotbooks im M\u00e4rz 2014 erschienenals Taschenbuch bei Gmeiner im Dezember 2014und als H\u00f6rbuch bei Audibleim Dezember 2015und auch Taschenbuch und H\u00f6rbuch im alten Design sind nach wie vor \u00fcberall im Buchhandel erh\u00e4ltlich!<\/h5>\n<p><img loading=\"lazy\" class=\"aligncenter wp-image-3241 size-full\" src=\"https:\/\/www.jennifer-b-wind.com\/wordpress-2019\/wp-content\/uploads\/2021\/08\/buch-der-woche-dotbooks.png\" alt=\"\" width=\"721\" height=\"682\" srcset=\"https:\/\/www.jennifer-b-wind.com\/wordpress-2019\/wp-content\/uploads\/2021\/08\/buch-der-woche-dotbooks.png 721w, https:\/\/www.jennifer-b-wind.com\/wordpress-2019\/wp-content\/uploads\/2021\/08\/buch-der-woche-dotbooks-300x284.png 300w\" sizes=\"(max-width: 721px) 100vw, 721px\" \/><\/p>\n<p><strong>&#8222;Als Gott schlief&#8220; war unter anderem auf Platz 1 bei Amazon unter B\u00fccher, Belletristik und Krimis\/Thriller, vier Monate lang in den Top 10 der Krimi\/Thriller Bestsellerliste bei Thalia in \u00d6sterreich (bestes Ranking: Platz 3), Deutschland (bestes Ranking: Platz 6) und der Schweiz (bestes Ranking: Platz 3). Die erste Auflage des Taschenbuchs war binnen vier Wochen vergriffen! <\/strong><strong>Das Buch findet sich seit 5 Jahren immer wieder in den Top 20 der Bestsellerlisten bei Amazon, Thalia und Weltbild.<\/strong><\/p>\n<p>Das Buch erreichte beim Lovelybooks Leserpreis mehrmals das Finale (als Ebook und H\u00f6rbuch) und war auf Platz 7 2014 in der Kategorie Ebook Thriller. Es hat viele Nummer 1 Bewertungen bei Leserkanone erhalten und war auf Platz 2 der besten Deb\u00fctromane 2014 auf Lovelybooks.<\/p>\n<p>Der Inhalt von &#8222;Als Gott schlief&#8220; ist nach wie vor hochaktuell und brisant!<\/p>\n<p>\u201eAls Gott schlief\u201c wurde auch vom ORF rezensiert! Nachzulesen war das im ORF Teletext eine Woche lang als Buchtipp im Monat Mai 2015!<\/p>\n<h5><span style=\"color: #ff0000;\">Die Autorin spendet einen Teil des Erl\u00f6ses des Buches an den Opferschutz.<\/span><\/h5>\n<p>&nbsp;<\/p>\n<h3>INTERVIEW ZUM BUCH<\/h3>\n<p>Timothy Sonderh\u00fcsken hat mich zum Buch interviewt. Das Interview findet ihr im Dotbooks BLOG (Klickt einfach auf das Bild!):<\/p>\n<p><a href=\"https:\/\/blog.dotbooks.de\/jeder-von-uns-kann-seine-stimme-erheben-auf-die-eine-oder-andere-weise\/\"><img loading=\"lazy\" class=\"aligncenter wp-image-3278 size-full\" src=\"https:\/\/www.jennifer-b-wind.com\/wordpress-2019\/wp-content\/uploads\/2021\/08\/Wind-Als-Gott-schlief-2.jpg\" alt=\"\" width=\"1240\" height=\"1240\" srcset=\"https:\/\/www.jennifer-b-wind.com\/wordpress-2019\/wp-content\/uploads\/2021\/08\/Wind-Als-Gott-schlief-2.jpg 1240w, https:\/\/www.jennifer-b-wind.com\/wordpress-2019\/wp-content\/uploads\/2021\/08\/Wind-Als-Gott-schlief-2-150x150.jpg 150w, https:\/\/www.jennifer-b-wind.com\/wordpress-2019\/wp-content\/uploads\/2021\/08\/Wind-Als-Gott-schlief-2-300x300.jpg 300w, https:\/\/www.jennifer-b-wind.com\/wordpress-2019\/wp-content\/uploads\/2021\/08\/Wind-Als-Gott-schlief-2-768x768.jpg 768w, https:\/\/www.jennifer-b-wind.com\/wordpress-2019\/wp-content\/uploads\/2021\/08\/Wind-Als-Gott-schlief-2-1024x1024.jpg 1024w\" sizes=\"(max-width: 1240px) 100vw, 1240px\" \/><\/a><\/p>\n<h3>GRATIS LESEPROBE<\/h3>\n<p><iframe loading=\"lazy\" title=\"Als Gott schlief: Thriller\" type=\"text\/html\" width=\"1170\" height=\"550\" frameborder=\"0\" allowfullscreen style=\"max-width:100%\" src=\"https:\/\/lesen.amazon.de\/kp\/card?preview=inline&#038;linkCode=kpe&#038;ref_=k4w_oembed_y89QWaPk0LcTYv&#038;asin=B00HS0SLS8&#038;tag=kpembed-20\"><\/iframe><\/p>\n<p>&nbsp;<\/p>\n<p>&nbsp;[\/vc_column_text][vc_btn title=&#8220;H\u00f6rbuch kaufen&#8220; color=&#8220;danger&#8220; size=&#8220;lg&#8220; link=&#8220;url:https%3A%2F%2Fwww.amazon.de%2FAls-Gott-schlief%2Fdp%2FB016WHCJ6C%2Fref%3Dtmm_aud_swatch_0%3F_encoding%3DUTF8%26qid%3D%26sr%3D|||&#8220;][vc_btn title=&#8220;Taschenbuch kaufen&#8220; color=&#8220;danger&#8220; size=&#8220;lg&#8220; link=&#8220;url:https%3A%2F%2Fwww.amazon.de%2FAls-Gott-schlief-Thriller-GMEINER-Verlag%2Fdp%2F3839217172%2Fref%3Dtmm_pap_swatch_0%3F_encoding%3DUTF8%26qid%3D%26sr%3D|||&#8220;][vc_btn title=&#8220;E-Book kaufen&#8220; color=&#8220;danger&#8220; size=&#8220;lg&#8220; link=&#8220;url:https%3A%2F%2Fwww.amazon.de%2FAls-Gott-schlief-Jennifer-Wind-ebook%2Fdp%2FB00HS0SLS8%2Fref%3Dtmm_kin_swatch_0%3F_encoding%3DUTF8%26qid%3D%26sr%3D|||&#8220;][\/vc_column][\/vc_row][vc_row][vc_column][gsf_space desktop=&#8220;90&#8243; tablet=&#8220;70&#8243; tablet_portrait=&#8220;60&#8243; mobile_landscape=&#8220;50&#8243; mobile=&#8220;40&#8243;][\/vc_column][\/vc_row][vc_row css=&#8220;.vc_custom_1542332535105{background-color: #f4f3ec !important;}&#8220;][vc_column offset=&#8220;vc_col-lg-offset-2 vc_col-lg-8 vc_col-md-offset-1 vc_col-md-10&#8243;][gsf_heading layout_style=&#8220;style-3&#8243; title=&#8220;UHJlc3NlLSUyMHVuZCUyMEJsb2dnZXJzdGltbWVu&#8220; title_color=&#8220;#333333&#8243; title_font_size=&#8220;48||40|34|30&#8243; title_line_height=&#8220;1.4&#8243; sub_title_font_size=&#8220;18&#8243; sub_title_letter_spacing=&#8220;5px&#8220; sub_title_use_theme_fonts=&#8220;&#8220; sub_title=&#8220;TESTIMONIALS&#8220; css=&#8220;.vc_custom_1570635139420{margin-bottom: 38px !important;padding-top: 55px !important;padding-bottom: 55px !important;background-image: url(https:\/\/auteur.g5plus.net\/wp-content\/uploads\/2018\/11\/background-10.png?id=353) !important;background-position: center !important;background-repeat: no-repeat !important;background-size: cover !important;}&#8220;][\/vc_column][vc_column][\/vc_column][\/vc_row][vc_row][vc_column][gsf_testimonials layout_style=&#8220;style-03&#8243; columns_gutter=&#8220;70&#8243; content_line_height=&#8220;2|em&#8220; space_between=&#8220;35||||&#8220; testimonial_use_theme_font=&#8220;&#8220; values=&#8220;%5B%7B%22author_name%22%3A%22Media%20Mania%22%2C%22author_job%22%3A%22Blog%22%2C%22author_bio%22%3A%22%5C%22Als%20Gott%20schlief%20ist%20ein%20nachdenklich%20machender%20Thriller%2C%20dessen%20schonungslose%20Darstellung%20vergangenen%20Unrechts%20schockt%20und%20unheimlich%20fesselnd%20ist.%20%5C%22%22%2C%22author_avatar%22%3A%22354%22%2C%22user_rating%22%3A%225%22%7D%2C%7B%22author_name%22%3A%22Kulturpfleger%22%2C%22author_job%22%3A%22Blog%22%2C%22author_bio%22%3A%22%C2%B4%5C%22Spannend%20geschrieben%20und%20mit%20sehr%20sympathischen%20und%20authentischen%20Protagonisten%20versehen%2C%20ist%20Als%20Gott%20schlief%20sicherlich%20ein%20Highlight%20am%20diesj%C3%A4hrigen%20Thriller-Himmel.%5C%22%22%2C%22author_avatar%22%3A%22268%22%2C%22user_rating%22%3A%225%22%7D%2C%7B%22author_name%22%3A%22J.%20Hechmati%22%2C%22author_job%22%3A%22Woman%22%2C%22author_bio%22%3A%22%5C%22Atemberaubend%2C%20beklemmend%2C%20brutal%20J.%20B.%20Wind%20spielt%20in%20ihrem%20Erstlingswerk%20so%20gekonnt%20auf%20der%20Thriller-Klaviatur%2C%20als%20h%C3%A4tte%20sie%20nie%20etwas%20anderes%20gemacht.%5C%22%22%2C%22author_avatar%22%3A%22354%22%2C%22user_rating%22%3A%225%22%7D%2C%7B%22author_name%22%3A%22SWR1%20%22%2C%22author_job%22%3A%22Sommerzeit%20Buchtipp%22%2C%22author_bio%22%3A%22%C2%BBEin%20spannender%20Krimi%20ist%20Jennifer%20B.%20Wind%20gelungen%2C%20der%20das%20Thema%20Missbrauch%20nicht%20banalisiert%2C%20sondern%20die%20Opfer%20und%20ihren%20lebenslangen%20Kampf%20gegen%20Trauma%20und%20schlimme%20Erinnerungen%20in%20den%20Mittelpunkt%20stellt.%20%C2%AB%20%22%2C%22author_avatar%22%3A%22268%22%2C%22user_rating%22%3A%225%22%7D%2C%7B%22author_name%22%3A%22I.%20Wilke%22%2C%22author_job%22%3A%22Wiener%20Bezirkszeitung%22%2C%22author_bio%22%3A%22%C2%BBAls%20Gott%20schlief%E2%80%9C%20ist%20spannend%2C%20einfallsreich%20und%20vor%20allem%20sprachlich%20top.%20Ein%20Genuss%20f%C3%BCr%20alle%20Krimi-%20und%20Thriller-Fans%20mit%20Faible%20f%C3%BCr%20Wien%20und%20Berlin.%C2%AB%20%22%2C%22author_avatar%22%3A%22268%22%2C%22user_rating%22%3A%225%22%7D%2C%7B%22author_name%22%3A%22M.%20Schauder%22%2C%22author_job%22%3A%22Blogin%20Hinkenpinken%22%2C%22author_bio%22%3A%22%C2%BBSelten%20habe%20ich%20einen%20Thriller%20gelesen%2C%20der%20mir%20so%20unter%20die%20Haut%20gegangen%20ist.%20Ein%20Wahnsinnsbuch!%C2%AB%22%2C%22author_avatar%22%3A%22268%22%2C%22user_rating%22%3A%225%22%7D%2C%7B%22author_name%22%3A%22H.%20Dewald%22%2C%22author_job%22%3A%22Irve%20liest%22%2C%22author_bio%22%3A%22%C2%BBSchon%20mit%20den%20ersten%20Seiten%20hatte%20das%20Buch%20mich%20v%C3%B6llig%20fasziniert.%20Nicht%20weil%20der%20Inhalt%20so%20sch%C3%B6n%20ist%2C%20sondern%20weil%20die%20Autorin%20die%20Gabe%20hat%2C%20mit%20wenigen%20pr%C3%A4gnanten%20S%C3%A4tzen%20eine%20weitreichende%20Gef%C3%BChlslawine%20in%20mir%20auszul%C3%B6sen.%20%C2%AB%20%22%2C%22author_avatar%22%3A%22268%22%2C%22user_rating%22%3A%225%22%7D%2C%7B%22author_name%22%3A%22A.%20Hofmann%22%2C%22author_job%22%3A%22Thrillertante%22%2C%22author_bio%22%3A%22%C2%BB%20%E2%80%9EAls%20Gott%20schlief%5C%22%20ist%20meiner%20Meinung%20nach%20ein%20sehr%20wichtiges%20Buch%2C%20das%20gelesen%20werden%20muss.%20Der%20Thriller%20ist%20spannend%2C%20eindringlich%2C%20erschreckend%20und%20traurig.%20Ich%20habe%20mich%20entschieden%20mehr%20%C3%BCber%20dieses%20traurige%20Thema%20zu%20lesen%20und%20mich%20zu%20informieren.%20Nicht%20viele%20Thriller%20bringen%20mich%20zu%20so%20einer%20Entscheidung.%20%C2%AB%20%22%2C%22author_avatar%22%3A%22268%22%2C%22user_rating%22%3A%225%22%7D%2C%7B%22author_name%22%3A%22S.%20Neumann%22%2C%22author_job%22%3A%22Sasija%20Tardis%20B%C3%BCcherblog%22%2C%22author_bio%22%3A%22%C2%BBGerade%20das%20Thema%20der%20Geschichte%2C%20l%C3%A4sst%20einem%20w%C3%A4hrend%20dem%20Lesen%20nachdenklich%20werden.%20Was%20w%C3%BCrde%20man%20selbst%20tun%3F%20Wissen%20wir%20eigentlich%20ob%20hinter%20den%20T%C3%BCren%20unserer%20Nachbarn%20schreckliches%20passiert%3F%20Schauen%20oder%20h%C3%B6ren%20wir%20weg%3F%20Zivilcourage%20ist%20auch%20kein%20leichtes%20Thema%20und%20richtiges%20Handeln%20sehr%20schwer.%20Aber%20nichts%20tun%2C%20obwohl%20man%20was%20wei%C3%9F%2C%20ist%20am%20schlimmsten!%20%C2%AB%20%22%2C%22author_avatar%22%3A%22268%22%2C%22user_rating%22%3A%225%22%7D%2C%7B%22author_name%22%3A%22J.%20Krieger%22%2C%22author_job%22%3A%22Schwesternrezensionen%22%2C%22author_bio%22%3A%22%C2%BBEine%20Pflichtlekt%C3%BCre%20f%C3%BCr%20(hartgesottene)%20Thriller-Fans%2C%20die%20Lekt%C3%BCre%2C%20basierend%20auf%20wahren%20Begebenheiten%2C%20lieben.%20Ein%20durch%20und%20durch%20perfekt%20recherchierter%20Thriller%2C%20der%20alles%20bietet%2C%20was%20einen%20guten%20Thriller%20ausmacht%3A%20Spannung%2C%20Action%20und%20Tempo%20-%20das%20ganze%20gepaart%20mit%20einem%20wahren%20Kern.%20%C2%AB%22%2C%22author_avatar%22%3A%22268%22%2C%22user_rating%22%3A%225%22%7D%2C%7B%22author_name%22%3A%22Testengel%20liest%22%2C%22author_job%22%3A%22Blog%22%2C%22author_bio%22%3A%22%C2%BBIch%20konnte%20das%20Buch%2C%20einmal%20angefangen%2C%20nicht%20mehr%20aus%20der%20Hand%20legen%20und%20habe%20es%20in%20zwei%20Tagen%20durchgelesen.%20F%C3%BCr%20mich%20ist%20dieses%20Buch%20ein%20absolutes%20Highlight%20am%20Thriller-Himmel!!%20%C2%AB%22%2C%22author_avatar%22%3A%22268%22%2C%22user_rating%22%3A%225%22%7D%2C%7B%22author_name%22%3A%22Beste%20Senft%22%2C%22author_job%22%3A%22Lord%20Byron%20Blog%22%2C%22author_bio%22%3A%22%C2%BB%20%E2%80%9EAls%20Gott%20schlief%5C%22%20war%20auf%20jeden%20Fall%20einer%20der%20besten%20Thriller%20die%20ich%20in%20diesem%20Jahr%20gelesen%20habe.%20Ich%20freue%20mich%20jedenfalls%20schon%20auf%20den%20zweiten%20Thriller%20um%20Jutta%20Stern%20und%20ihre%20Kollegen.%20%C2%AB%22%2C%22author_avatar%22%3A%22268%22%2C%22user_rating%22%3A%225%22%7D%2C%7B%22author_name%22%3A%22Thomas%20Jessen%22%2C%22author_job%22%3A%22Mundolibris%20Blog%22%2C%22author_bio%22%3A%22%C2%BBDer%20Autorin%20ist%20mit%20ihrem%20Erstlingswerk%20ein%20beeindruckendes%20Deb%C3%BCt%20gelungen.%20So%20muss%20ein%20Thriller%20geschrieben%20sein%2C%20so%20machte%20es%20Spa%C3%9F%20das%20Buch%20zu%20lesen%20und%20man%20kann%20schon%20jetzt%20sagen%2C%20dass%20man%20von%20der%20Autorin%20in%20Zukunft%20einiges%20erwarten%20kann.%20%C2%AB%20%22%2C%22author_avatar%22%3A%22268%22%2C%22user_rating%22%3A%225%22%7D%2C%7B%22author_name%22%3A%22Nini%C2%B4s%20Testblog%22%2C%22author_job%22%3A%22Blog%22%2C%22author_bio%22%3A%22%C2%BBF%C3%BCr%20mich%20war%20dieses%20Buch%20spannend%2C%20ersch%C3%BCtternd%2C%20nachdenklich%20machend%2C%20viel%20zu%20schnell%20zu%20Ende%20gelesen%20und%20auf%20jeden%20Fall%20ein%20Gl%C3%BCcksgriff!%20%C2%AB%20%22%2C%22author_avatar%22%3A%22268%22%2C%22user_rating%22%3A%225%22%7D%2C%7B%22author_name%22%3A%22Hamburg%20kocht%22%2C%22author_job%22%3A%22Blog%22%2C%22author_bio%22%3A%22%C2%BBSo%20gelingt%20ihr%20ein%20atmosph%C3%A4risch%20dichtes%20Mosaik%20mit%20einer%20Geschichte%2C%20die%20dem%20Leser%20unter%20die%20Haut%20geht%2C%20ihn%20mit%20sich%20rei%C3%9Ft%20in%20einen%20Strudel%20ungeahnter%20Grausamkeiten.%20%C2%AB%20%22%2C%22author_avatar%22%3A%22268%22%2C%22user_rating%22%3A%225%22%7D%2C%7B%7D%5D&#8220; nav=&#8220;on&#8220; nav_position=&#8220;nav-center&#8220; nav_hover_style=&#8220;nav-hover-bg&#8220; autoplay=&#8220;on&#8220; columns=&#8220;2&#8243; columns_md=&#8220;2&#8243; columns_sm=&#8220;1&#8243; columns_xs=&#8220;1&#8243; columns_mb=&#8220;1&#8243; content_typography=&#8220;Libre Baskerville|italic|400|italic&#8220;][gsf_space desktop=&#8220;90&#8243; tablet=&#8220;70&#8243; tablet_portrait=&#8220;60&#8243; mobile_landscape=&#8220;50&#8243; mobile=&#8220;40&#8243;][vc_column_text]<\/p>\n<h2>Buchh\u00e4ndlerstimmen:<\/h2>\n<p><strong><em>\u00bb<\/em><\/strong><em>Hammer!!! Selten habe ich einen Thriller gelesen, der mich so aufgew\u00fchlt hatte, konnte aber nicht aufh\u00f6ren zu lesen. Jennifer B. Wind hat einen wirklich spannenden und zum Nachdenken anregenden Thriller geschrieben, der sich auf wahre Begebenheiten in Irland bezieht. Sie hat einen guten Flow und ein Gesp\u00fcr f\u00fcr Dialekte. Unglaublich packend, f\u00fcr alle Thriller-Fans ein Muss.\u00ab <\/em><strong>Sonja Hertkens, Thalia-Buchhandlung <a href=\"http:\/\/www.thalia.de\/shop\/muenchen-12058\/thalia-filialen\/showDetails\/162\/?jumpId=64486\">Freiburg<\/a><\/strong><\/p>\n<p><em>\u00bbJutta Stern, Kriminalbeamtin und seit wenigen Monaten verwitwet, kommt zu einem neuen Fall. Ein Weihbischof wird von seiner Haush\u00e4lterin tot aufgefunden, schrecklich misshandelt und in \u00e4u\u00dferst entw\u00fcrdigender Haltung. Die Mauer aus Schweigen scheint undurchdringlich. Mehrere Geistliche, auch eine Nonne werden get\u00f6tet. Die Spur f\u00fchrt schlie\u00dflich zu einem ehemaligen Kinderheim.<br \/>\nGott hat wirklich geschlafen, als dort unglaubliche Dinge passiert sind.<br \/>\nSpannend und wendungsreich, schockt und fesselt zugleich. Lesen!\u00ab <\/em><strong>Helga Pamminger, Thalia Buchhandlung Wiener Neustadt<\/strong><\/p>\n<p><em>\u201eIn M\u00fcnchen und Wien werden katholische Geistliche brutal gefoltert und ermordet. Die Ermittler stehen zun\u00e4chst vor einem R\u00e4tsel, doch dann f\u00fchren die Spuren weit zur\u00fcck in die Vergangenheit. Man braucht schon gute Nerven f\u00fcr diesen Thriller: traumatisierte Ermittler, die ungew\u00f6hnliche Teams bilden, M\u00f6rder, die der Meinung sind, uns\u00e4gliches Leid nur auf eine einzige Weise s\u00fchnen zu k\u00f6nnen, bis ins grausamste Detail geschilderte Folterszenen und nicht zuletzt die Missbrauchsgeschichten in der Vergangenheit k\u00f6nnen einem schlaflose N\u00e4chte bereiten \u2013 aber: supergut gemachte Spitzenspannung!\u201c <strong>Renate N\u00f6ckler, Buchhandlung Heyn<\/strong><\/em><\/p>\n<p><em>\u00bbDie gemeinsame Vergangenheit f\u00fchrt in ein Kinderheim in der N\u00e4he Wiens, in dem Kinder missbraucht worden sind, die multiple Pers\u00f6nlichkeitsst\u00f6rungen entwickelt haben. Nicht einfach aufzukl\u00e4ren f\u00fcr die beiden Kriminalisten, die immer wieder an ihre Grenzen sto\u00dfen.<\/em><em><br \/>\nIm Nachwort schildert die Autorin, dass immer noch Vertuschung und Verdr\u00e4ngung auf diesem Gebiet vorherrschen. In vier Abschnitten (\u201eAngst und Tod\u201c, erz\u00e4hlt von der Kriminalistin Jutta; \u201eGott und D\u00e4mon\u201c, erz\u00e4hlt vom Kriminalisten Tom; \u201eKinder und Engel\u201c, erz\u00e4hlt vom Kind Rebecca; \u201eFreiheit und Liebe\u201c, erz\u00e4hlt von der Journalistin Hanna) schildern die vier involvierten Personen ihren m\u00fchevollen Weg der Aufkl\u00e4rung.<br \/>\nEine aufr\u00fcttelnde Geschichte, die etwas f\u00fcr starke Nerven ist.\u00ab\u00a0 <\/em><strong>Magdalena Pisarik, B\u00fccherschau, \u00d6GB<\/strong>[\/vc_column_text][gsf_space desktop=&#8220;90&#8243; tablet=&#8220;70&#8243; tablet_portrait=&#8220;60&#8243; mobile_landscape=&#8220;50&#8243; mobile=&#8220;40&#8243;][\/vc_column][\/vc_row][vc_row][vc_column width=&#8220;5\/6&#8243; offset=&#8220;vc_col-lg-offset-3 vc_col-lg-6 vc_col-md-offset-2 vc_col-md-8 vc_col-sm-offset-1&#8243;][gsf_space desktop=&#8220;110&#8243; tablet=&#8220;90&#8243; tablet_portrait=&#8220;80&#8243; mobile_landscape=&#8220;70&#8243; mobile=&#8220;60&#8243;][gsf_heading layout_style=&#8220;style-4&#8243; space_between=&#8220;10|px&#8220; title=&#8220;RXJmYWhyZSUyMGFsbGUlMjBOZXVpZ2tlaXRlbiUyMCVDMyVCQ2JlciUyMGRpZSUyMFNlcmllJTIx&#8220; title_color=&#8220;#333333&#8243; title_font_size=&#8220;34||30||28&#8243; title_line_height=&#8220;1.41|em&#8220; sub_title_font_size=&#8220;14&#8243; sub_title_letter_spacing=&#8220;0|px&#8220; sub_title_color=&#8220;disable-color&#8220; sub_title_use_theme_fonts=&#8220;&#8220; sub_title=&#8220;Trage dich f\u00fcr den Newsletter ein&#8220; sub_title_typography=&#8220;Nunito Sans|600|600|normal&#8220;][gsf_space desktop=&#8220;55&#8243; tablet=&#8220;50&#8243; tablet_portrait=&#8220;45&#8243; mobile_landscape=&#8220;45&#8243; mobile=&#8220;40&#8243;][gsf_mail_chimp layout_style=&#8220;style-03&#8243; el_class=&#8220;md-pd-left-right-0&#8243; css=&#8220;.vc_custom_1544058209297{margin-right: 50px !important;margin-left: 50px !important;}&#8220;][gsf_space desktop=&#8220;120&#8243; tablet=&#8220;100&#8243; tablet_portrait=&#8220;80&#8243; mobile_landscape=&#8220;70&#8243; mobile=&#8220;60&#8243;][\/vc_column][\/vc_row]<\/p>\n","protected":false},"excerpt":{"rendered":"<p>[vc_row equal_height=&#8220;yes&#8220; content_placement=&#8220;middle&#8220; css=&#8220;.vc_custom_1542014395452{background-color: #f4f3ec !important;}&#8220;][vc_column][gsf_space desktop=&#8220;68&#8243; tablet=&#8220;55&#8243; tablet_portrait=&#8220;50&#8243; mobile_landscape=&#8220;45&#8243; mobile=&#8220;40&#8243;][\/vc_column][vc_column width=&#8220;1\/2&#8243;][gsf_page_title font_container=&#8220;text_align:left|color:%23333333&#8243; title_font_size_md=&#8220;34&#8243; title_font_size_sm=&#8220;28&#8243; title_font_size_mb=&#8220;24&#8243;][\/vc_column][vc_column width=&#8220;1\/2&#8243;][gsf_breadcrumbs align=&#8220;text-right&#8220; el_class=&#8220;sm-text-left&#8220;][\/vc_column][vc_column][gsf_space desktop=&#8220;67&#8243; tablet=&#8220;55&#8243; tablet_portrait=&#8220;50&#8243; mobile_landscape=&#8220;45&#8243; mobile=&#8220;40&#8243;][\/vc_column][\/vc_row][vc_row equal_height=&#8220;yes&#8220; content_placement=&#8220;middle&#8220; css=&#8220;.vc_custom_1542014395452{background-color: #f4f3ec !important;}&#8220;][vc_column][gsf_space desktop=&#8220;68&#8243; tablet=&#8220;55&#8243; tablet_portrait=&#8220;50&#8243; mobile_landscape=&#8220;45&#8243; mobile=&#8220;40&#8243;][vc_column_text] JETZT nur f\u00fcr kurze Zeit: Die goldene Special Edition von &#8222;Als Gott schlief&#8220; mit Bonus Material! Der erste Fall f\u00fcr Jutta [&hellip;]<\/p>\n","protected":false},"author":2,"featured_media":0,"parent":850,"menu_order":0,"comment_status":"closed","ping_status":"closed","template":"","meta":[],"_links":{"self":[{"href":"https:\/\/www.jennifer-b-wind.com\/wordpress-2019\/wp-json\/wp\/v2\/pages\/1998"}],"collection":[{"href":"https:\/\/www.jennifer-b-wind.com\/wordpress-2019\/wp-json\/wp\/v2\/pages"}],"about":[{"href":"https:\/\/www.jennifer-b-wind.com\/wordpress-2019\/wp-json\/wp\/v2\/types\/page"}],"author":[{"embeddable":true,"href":"https:\/\/www.jennifer-b-wind.com\/wordpress-2019\/wp-json\/wp\/v2\/users\/2"}],"replies":[{"embeddable":true,"href":"https:\/\/www.jennifer-b-wind.com\/wordpress-2019\/wp-json\/wp\/v2\/comments?post=1998"}],"version-history":[{"count":12,"href":"https:\/\/www.jennifer-b-wind.com\/wordpress-2019\/wp-json\/wp\/v2\/pages\/1998\/revisions"}],"predecessor-version":[{"id":3578,"href":"https:\/\/www.jennifer-b-wind.com\/wordpress-2019\/wp-json\/wp\/v2\/pages\/1998\/revisions\/3578"}],"up":[{"embeddable":true,"href":"https:\/\/www.jennifer-b-wind.com\/wordpress-2019\/wp-json\/wp\/v2\/pages\/850"}],"wp:attachment":[{"href":"https:\/\/www.jennifer-b-wind.com\/wordpress-2019\/wp-json\/wp\/v2\/media?parent=1998"}],"curies":[{"name":"wp","href":"https:\/\/api.w.org\/{rel}","templated":true}]}}