{"id":2004,"date":"2019-06-18T17:50:22","date_gmt":"2019-06-18T15:50:22","guid":{"rendered":"https:\/\/www.jennifer-b-wind.com\/wordpress-2019\/?page_id=2004"},"modified":"2019-09-17T19:50:15","modified_gmt":"2019-09-17T17:50:15","slug":"eine-kniggstastische-reise","status":"publish","type":"page","link":"https:\/\/www.jennifer-b-wind.com\/wordpress-2019\/buecher\/eine-kniggstastische-reise\/","title":{"rendered":"Eine kniggstastische Reise- Das multimediale Bildertheater"},"content":{"rendered":"<p>[vc_row][vc_column][vc_single_image image=&#8220;2380&#8243; img_size=&#8220;full&#8220;][vc_column_text]<\/p>\n<p><br \/>\n<\/p>\n<h3><strong>P\u00e4dagogisch durchdacht. Kreativ gemacht. Multimedial dargebracht.<\/strong><\/h3>\n<p>Das multimediale Bilderbuchtheater schafft einen ganzheitlichen Lernansatz <strong>f\u00fcr alle Sch\u00fclerInnen&nbsp; der Grundschule \u2013 also Kinder von 6 bis 10 Jahren<\/strong>.&nbsp; Der<br \/>\naltersgerechte, kreative und sinnesorientierte Zugang er\u00f6ffnet einen<br \/>\npositiven Erfahrungsspielraum, indem sich die Kinder interaktiv<br \/>\neinbringen und an ihren so wertvollen emotionalen und sozialen<br \/>\nKompetenzen spielerisch arbeiten.<br \/>\nBei dieser theaterp\u00e4dagogischen Unterrichtsform wird die Forderung nach<br \/>\neiner Verbindung des affektiven mit dem kognitiven Bereich erf\u00fcllt.<\/p>\n<p><br \/>\n<\/p>\n<ul>\n<li><strong>positiv besetzter Lernansatz<\/strong><\/li>\n<li><strong>Entwicklung emotionaler und sozialer Ressourcen&nbsp;<\/strong><\/li>\n<li><strong>Vermittlung von psychosozialen Schl\u00fcsselqualifikationen<\/strong><\/li>\n<\/ul>\n<p>Ein soziales Thema. Liebevoll aufbereitet. Kunstvoll vermittelt.&nbsp;Ein immersives Lernerlebnis der Extraklasse!<\/p>\n<p>[\/vc_column_text][\/vc_column][\/vc_row][vc_row][vc_column][gsf_banner image=&#8220;2366&#8243;][\/gsf_banner][\/vc_column][\/vc_row][vc_row][vc_column][vc_column_text]<\/p>\n<h3>Was ist eigentlich ein multimediales Bildertheater?<\/h3>\n<p>Das multimediale Bildertheater schafft f\u00fcr Kinder ein ganzheitliches, erlebnisbetontes Lernen auf Augenh\u00f6he. Mit einer spannenden Lesung, begleitet von modernen Projektionen, liebevollen Illustrationen, eing\u00e4ngigen Liedern und gemeinsamen Musizieren bis hin zu Augmented Reality Beitr\u00e4gen spannt dieses innovative Kulturformat einen weiten Bogen.<\/p>\n<p>In unserer kniggstastischen Reise erlebt Kniggs zusammen mit seiner Freundin Flitzi verschiedene Situationen, die aufzeigen, welch gro\u00dfe Bedeutung gemeinsame Verhaltensspielregeln f\u00fcr ein besseres Miteinander haben. Die Kinder erfahren hierbei mehr \u00fcber soziale Werte, verschiedene kulturelle Aspekte und interkulturelle Unterschiede gesellschaftlicher Umgangsformen, verpackt in eine humorvolle und kurzweilige Geschichte.<\/p>\n<p>Dieses rund 60-min\u00fctige Multimediale Bildertheater ist somit ein neues Format aus dem Hause KinderKnigge. Ein einzigartiges Erlebnis mit Mehrwert f\u00fcr Gro\u00df &amp; Klein, das sich beliebig fortsetzen l\u00e4sst! Seien Sie gespannt!<\/p>\n<p>&nbsp;<\/p>\n<p>&nbsp;<\/p>\n<p>[\/vc_column_text][\/vc_column][\/vc_row][vc_row][vc_column][vc_single_image image=&#8220;2376&#8243; img_size=&#8220;full&#8220;][\/vc_column][\/vc_row][vc_row][vc_column][vc_column_text]<\/p>\n<p>Kniggs am Dachboden mit seiner Freundin Flitzi (copyright Sam Madwar)<\/p>\n<p>[\/vc_column_text][\/vc_column][\/vc_row][vc_row][vc_column][vc_column_text]<\/p>\n<h3>Das innovative Kulturformat von teatro &amp; KinderKnigge!<\/h3>\n<h6>Erleben Sie die einzigartige Kooperation von Kultur, P\u00e4dagogik und Innovation, eingebettet in eine spannende Geschichte zu einem gesellschaftlich relevanten Thema. Humorvoll und kindgerecht erz\u00e4hlt. Moderne und zeitgem\u00e4\u00dfe Projektionen f\u00fchren in die Welt von Kniggs und Flitzi und werden durch entz\u00fcckende Illustrationen erg\u00e4nzt. Mitrei\u00dfende Musikst\u00fccke und leicht zu erlernende Lieder nach der Komposition von Norberto Bertassi (teatro) und Jennifer B. Wind untermalen die Geschichte. Alles zusammen ein multimediales Universum der M\u00f6glichkeiten. Mit spielerischer Leichtigkeit erfahren die Kinder, wie bereichernd kulturelle Vielfalt durch ein wertsch\u00e4tzendes Miteinander sein kann. Das kniggstastische Erlebnis f\u00fcr Gro\u00df und Klein!<\/h6>\n<p>[\/vc_column_text][\/vc_column][\/vc_row][vc_row][vc_column][vc_column_text]<\/p>\n<h4>\u00a0<\/h4>\n<h4>Mehr \u00fcber das Projekt, Fotos von der Premiere und Buchungsm\u00f6glichkeiten finden Sie auf der Webseite von <a href=\"https:\/\/www.kinderknigge.com\/mmbt\/\">Kinderknigge!<\/a><\/h4>\n<p><a href=\"https:\/\/www.kinderknigge.com\/mmbt\/\"><img loading=\"lazy\" class=\"alignnone size-full wp-image-2378\" src=\"https:\/\/www.jennifer-b-wind.com\/wordpress-2019\/wp-content\/uploads\/2019\/09\/logo-mmbt.png\" alt=\"\" width=\"300\" height=\"300\" srcset=\"https:\/\/www.jennifer-b-wind.com\/wordpress-2019\/wp-content\/uploads\/2019\/09\/logo-mmbt.png 300w, https:\/\/www.jennifer-b-wind.com\/wordpress-2019\/wp-content\/uploads\/2019\/09\/logo-mmbt-150x150.png 150w\" sizes=\"(max-width: 300px) 100vw, 300px\" \/><\/a><\/p>\n<p>[\/vc_column_text][\/vc_column][\/vc_row]<\/p>\n","protected":false},"excerpt":{"rendered":"<p>[vc_row][vc_column][vc_single_image image=&#8220;2380&#8243; img_size=&#8220;full&#8220;][vc_column_text] P\u00e4dagogisch durchdacht. Kreativ gemacht. Multimedial dargebracht. Das multimediale Bilderbuchtheater schafft einen ganzheitlichen Lernansatz f\u00fcr alle Sch\u00fclerInnen&nbsp; der Grundschule \u2013 also Kinder von 6 bis 10 Jahren.&nbsp; Der altersgerechte, kreative und sinnesorientierte Zugang er\u00f6ffnet einen positiven Erfahrungsspielraum, indem sich die Kinder interaktiv einbringen und an ihren so wertvollen emotionalen und sozialen Kompetenzen spielerisch [&hellip;]<\/p>\n","protected":false},"author":2,"featured_media":2366,"parent":850,"menu_order":6,"comment_status":"closed","ping_status":"closed","template":"","meta":[],"_links":{"self":[{"href":"https:\/\/www.jennifer-b-wind.com\/wordpress-2019\/wp-json\/wp\/v2\/pages\/2004"}],"collection":[{"href":"https:\/\/www.jennifer-b-wind.com\/wordpress-2019\/wp-json\/wp\/v2\/pages"}],"about":[{"href":"https:\/\/www.jennifer-b-wind.com\/wordpress-2019\/wp-json\/wp\/v2\/types\/page"}],"author":[{"embeddable":true,"href":"https:\/\/www.jennifer-b-wind.com\/wordpress-2019\/wp-json\/wp\/v2\/users\/2"}],"replies":[{"embeddable":true,"href":"https:\/\/www.jennifer-b-wind.com\/wordpress-2019\/wp-json\/wp\/v2\/comments?post=2004"}],"version-history":[{"count":0,"href":"https:\/\/www.jennifer-b-wind.com\/wordpress-2019\/wp-json\/wp\/v2\/pages\/2004\/revisions"}],"up":[{"embeddable":true,"href":"https:\/\/www.jennifer-b-wind.com\/wordpress-2019\/wp-json\/wp\/v2\/pages\/850"}],"wp:featuredmedia":[{"embeddable":true,"href":"https:\/\/www.jennifer-b-wind.com\/wordpress-2019\/wp-json\/wp\/v2\/media\/2366"}],"wp:attachment":[{"href":"https:\/\/www.jennifer-b-wind.com\/wordpress-2019\/wp-json\/wp\/v2\/media?parent=2004"}],"curies":[{"name":"wp","href":"https:\/\/api.w.org\/{rel}","templated":true}]}}