{"id":2357,"date":"2025-08-17T17:19:03","date_gmt":"2025-08-17T15:19:03","guid":{"rendered":"https:\/\/www.jennifer-b-wind.com\/wordpress-2019\/?page_id=2357"},"modified":"2025-08-27T23:37:59","modified_gmt":"2025-08-27T21:37:59","slug":"impressum","status":"publish","type":"page","link":"https:\/\/www.jennifer-b-wind.com\/wordpress-2019\/impressum\/","title":{"rendered":"IMPRESSUM"},"content":{"rendered":"<p>[vc_row][vc_column][vc_column_text el_class=&#8220;&#8220;]<\/p>\n<p>Verantwortlich f\u00fcr den Inhalt der Webseite<\/p>\n<p>Stand 8\/2025:<\/p>\n\n<p>Jennifer B. Wind<\/p>\n\n<p>(Autorin)<\/p>\n\n\n<p>E-Mail: kontakt(at)jennifer-b-wind.com<\/p>\n\n\n<p>vertreten durch die<\/p>\n\n<p><br \/>Verlagsagentur Lianne Kolf<br \/>Lianne\u00a0Kolf<br \/>Tengstra\u00dfe 8<br \/>D-80798 M\u00fcnchen<\/p>\n\n<p>Kontakt:<br \/>Telefon:\u00a0+49 89 399059<br \/>Telefax:\u00a0+49 89 396863<br \/>E-Mail: litagkolf(at)t-online.de<\/p>\n\n<p>Die Inhalte unserer<br \/>Seiten wurden mit gr\u00f6\u00dfter Sorgfalt erstellt.<br \/>F\u00fcr die Richtigkeit, Vollst\u00e4ndigkeit und Aktualit\u00e4t der Inhalte<br \/>k\u00f6nnen wir jedoch keine Gew\u00e4hr \u00fcbernehmen. Als Diensteanbieter sind wir gem\u00e4\u00df \u00a7<br \/>7 Abs.1 TMG f\u00fcr<br \/>eigene Inhalte auf diesen Seiten nach den allgemeinen Gesetzen verantwortlich.<br \/>Nach \u00a7\u00a7 8 bis 10 TMG sind wir als Diensteanbieter jedoch nicht<br \/>verpflichtet, \u00fcbermittelte oder gespeicherte fremde Informationen zu<br \/>\u00fcberwachen oder nach Umst\u00e4nden zu forschen, die auf eine rechtswidrige<br \/>T\u00e4tigkeit hinweisen. Verpflichtungen zur Entfernung oder Sperrung der<br \/>Nutzung von Informationen nach den allgemeinen Gesetzen bleiben hiervon<br \/>unber\u00fchrt. Eine diesbez\u00fcgliche Haftung ist jedoch erst ab dem<br \/>Zeitpunkt der Kenntnis einer konkreten Rechtsverletzung m\u00f6glich. Bei<br \/>Bekanntwerden von entsprechenden Rechtsverletzungen werden wir diese Inhalte<br \/>umgehend entfernen.<\/p>\n\n<p><strong>Haftung f\u00fcr Links<br \/><\/strong>Unser Angebot enth\u00e4lt Links zu<br \/>externen Webseiten Dritter, auf deren<br \/>Inhalte wir keinen Einfluss haben. Deshalb k\u00f6nnen wir f\u00fcr diese<br \/>fremden Inhalte auch keine Gew\u00e4hr \u00fcbernehmen. F\u00fcr die Inhalte<br \/>der verlinkten Seiten ist stets der jeweilige Anbieter oder Betreiber der<br \/>Seiten verantwortlich. Die verlinkten Seiten wurden zum Zeitpunkt der<br \/>Verlinkung<br \/>auf m\u00f6gliche Rechtsverst\u00f6\u00dfe \u00fcberpr\u00fcft. Rechtswidrige<br \/>Inhalte waren zum Zeitpunkt der Verlinkung nicht erkennbar. Eine permanente<br \/>inhaltliche Kontrolle der verlinkten Seiten ist jedoch ohne konkrete<br \/>Anhaltspunkte<br \/>einer Rechtsverletzung nicht zumutbar. Bei Bekanntwerden von Rechtsverletzungen<br \/>werden wir derartige Links umgehend entfernen.<\/p>\n\n<p><strong>Urheberrecht<br \/><\/strong>Die durch die Seitenbetreiber<br \/>erstellten Inhalte und Werke auf diesen Seiten<br \/>unterliegen dem deutschen Urheberrecht. Die Vervielf\u00e4ltigung, Bearbeitung,<br \/>Verbreitung und<br \/>jede Art der Verwertung au\u00dferhalb der Grenzen des Urheberrechtes bed\u00fcrfen<br \/>der schriftlichen Zustimmung des jeweiligen Autors bzw. Erstellers. Downloads<br \/>und Kopien dieser Seite sind nur f\u00fcr den privaten, nicht kommerziellen<br \/>Gebrauch gestattet. Soweit die Inhalte auf dieser Seite nicht vom Betreiber<br \/>erstellt wurden,<br \/>werden die Urheberrechte Dritter beachtet. Insbesondere werden Inhalte Dritter<br \/>als solche<br \/>gekennzeichnet. Sollten Sie trotzdem auf eine Urheberrechtsverletzung<br \/>aufmerksam werden, bitten wir um einen entsprechenden Hinweis.<br \/>Bei Bekanntwerden von Rechtsverletzungen werden wir derartige Inhalte umgehend<br \/>entfernen.<\/p>\n<p>\u00a0<\/p>\n<p>[\/vc_column_text][\/vc_column][\/vc_row]<\/p>\n","protected":false},"excerpt":{"rendered":"<p>[vc_row][vc_column][vc_column_text el_class=&#8220;&#8220;] Verantwortlich f\u00fcr den Inhalt der Webseite Stand 8\/2025: Jennifer B. Wind (Autorin) E-Mail: kontakt(at)jennifer-b-wind.com vertreten durch die Verlagsagentur Lianne KolfLianne\u00a0KolfTengstra\u00dfe 8D-80798 M\u00fcnchen Kontakt:Telefon:\u00a0+49 89 399059Telefax:\u00a0+49 89 396863E-Mail: litagkolf(at)t-online.de Die Inhalte unsererSeiten wurden mit gr\u00f6\u00dfter Sorgfalt erstellt.F\u00fcr die Richtigkeit, Vollst\u00e4ndigkeit und Aktualit\u00e4t der Inhaltek\u00f6nnen wir jedoch keine Gew\u00e4hr \u00fcbernehmen. Als Diensteanbieter sind wir gem\u00e4\u00df [&hellip;]<\/p>\n","protected":false},"author":2,"featured_media":0,"parent":0,"menu_order":0,"comment_status":"closed","ping_status":"closed","template":"","meta":[],"_links":{"self":[{"href":"https:\/\/www.jennifer-b-wind.com\/wordpress-2019\/wp-json\/wp\/v2\/pages\/2357"}],"collection":[{"href":"https:\/\/www.jennifer-b-wind.com\/wordpress-2019\/wp-json\/wp\/v2\/pages"}],"about":[{"href":"https:\/\/www.jennifer-b-wind.com\/wordpress-2019\/wp-json\/wp\/v2\/types\/page"}],"author":[{"embeddable":true,"href":"https:\/\/www.jennifer-b-wind.com\/wordpress-2019\/wp-json\/wp\/v2\/users\/2"}],"replies":[{"embeddable":true,"href":"https:\/\/www.jennifer-b-wind.com\/wordpress-2019\/wp-json\/wp\/v2\/comments?post=2357"}],"version-history":[{"count":3,"href":"https:\/\/www.jennifer-b-wind.com\/wordpress-2019\/wp-json\/wp\/v2\/pages\/2357\/revisions"}],"predecessor-version":[{"id":3930,"href":"https:\/\/www.jennifer-b-wind.com\/wordpress-2019\/wp-json\/wp\/v2\/pages\/2357\/revisions\/3930"}],"wp:attachment":[{"href":"https:\/\/www.jennifer-b-wind.com\/wordpress-2019\/wp-json\/wp\/v2\/media?parent=2357"}],"curies":[{"name":"wp","href":"https:\/\/api.w.org\/{rel}","templated":true}]}}