{"id":2382,"date":"2019-09-17T19:54:48","date_gmt":"2019-09-17T17:54:48","guid":{"rendered":"https:\/\/www.jennifer-b-wind.com\/wordpress-2019\/?page_id=2382"},"modified":"2019-09-17T20:06:22","modified_gmt":"2019-09-17T18:06:22","slug":"kids-krone-kolumnen","status":"publish","type":"page","link":"https:\/\/www.jennifer-b-wind.com\/wordpress-2019\/kids-krone-kolumnen\/","title":{"rendered":"Kids Krone Kolumnen"},"content":{"rendered":"<p>[vc_row][vc_column][vc_column_text]<\/p>\n\n\n<p>[\/vc_column_text][\/vc_column][\/vc_row][vc_row][vc_column][vc_column_text]<\/p>\n<h6>In Kooperation mit Kinder Knigge erscheint seit 2018 viertelj\u00e4hrlich eine Knigge-Serie Doppelseite in der Kids Krone.<\/h6>\n<h6>Jedes Quartal gibt es neue Geschichten mit dem Steinzeitmuffel Kniggs und seiner Freundin Flitzi, die auch immer einem Thema gewidmet sind und zur Jahreszeit passen.<\/h6>\n<h6>Erg\u00e4nzt werden die witzigen Geschichten mit Lerneffekt durch tolles Begleitmaterial, wie Basteltipps oder R\u00e4tsel. Au\u00dferdem finden die Kids auch immer Wissenswertes in den Themenboxen &#8222;Gut zu wissen&#8220; oder als &#8222;Tipp vom Kniggs&#8220;.<\/h6>\n<p>Hier sehen Sie zum Beispiel die Kolumne zum Thema &#8222;Tischmanieren&#8220;.<\/p>\n<p>[\/vc_column_text][\/vc_column][\/vc_row][vc_row][vc_column][vc_single_image image=&#8220;2385&#8243; img_size=&#8220;full&#8220;][\/vc_column][\/vc_row][vc_row][vc_column][vc_column_text]<\/p>\n<p>&nbsp;<\/p>\n<p>Die Zeitschrift gibt es viermal im Jahr \u00fcberall, wo es Zeitschriften gibt und im Abo.<\/p>\n<p>&nbsp;<\/p>\n<p>[\/vc_column_text][\/vc_column][\/vc_row]<\/p>\n","protected":false},"excerpt":{"rendered":"<p>[vc_row][vc_column][vc_column_text] [\/vc_column_text][\/vc_column][\/vc_row][vc_row][vc_column][vc_column_text] In Kooperation mit Kinder Knigge erscheint seit 2018 viertelj\u00e4hrlich eine Knigge-Serie Doppelseite in der Kids Krone. Jedes Quartal gibt es neue Geschichten mit dem Steinzeitmuffel Kniggs und seiner Freundin Flitzi, die auch immer einem Thema gewidmet sind und zur Jahreszeit passen. Erg\u00e4nzt werden die witzigen Geschichten mit Lerneffekt durch tolles Begleitmaterial, wie Basteltipps [&hellip;]<\/p>\n","protected":false},"author":2,"featured_media":0,"parent":0,"menu_order":0,"comment_status":"closed","ping_status":"closed","template":"","meta":[],"_links":{"self":[{"href":"https:\/\/www.jennifer-b-wind.com\/wordpress-2019\/wp-json\/wp\/v2\/pages\/2382"}],"collection":[{"href":"https:\/\/www.jennifer-b-wind.com\/wordpress-2019\/wp-json\/wp\/v2\/pages"}],"about":[{"href":"https:\/\/www.jennifer-b-wind.com\/wordpress-2019\/wp-json\/wp\/v2\/types\/page"}],"author":[{"embeddable":true,"href":"https:\/\/www.jennifer-b-wind.com\/wordpress-2019\/wp-json\/wp\/v2\/users\/2"}],"replies":[{"embeddable":true,"href":"https:\/\/www.jennifer-b-wind.com\/wordpress-2019\/wp-json\/wp\/v2\/comments?post=2382"}],"version-history":[{"count":0,"href":"https:\/\/www.jennifer-b-wind.com\/wordpress-2019\/wp-json\/wp\/v2\/pages\/2382\/revisions"}],"wp:attachment":[{"href":"https:\/\/www.jennifer-b-wind.com\/wordpress-2019\/wp-json\/wp\/v2\/media?parent=2382"}],"curies":[{"name":"wp","href":"https:\/\/api.w.org\/{rel}","templated":true}]}}