{"id":2482,"date":"2019-10-05T21:50:17","date_gmt":"2019-10-05T19:50:17","guid":{"rendered":"https:\/\/www.jennifer-b-wind.com\/wordpress-2019\/?page_id=2482"},"modified":"2022-12-07T19:22:47","modified_gmt":"2022-12-07T18:22:47","slug":"presse-und-bloggerinterviews","status":"publish","type":"page","link":"https:\/\/www.jennifer-b-wind.com\/wordpress-2019\/presse-und-bloggerinterviews\/","title":{"rendered":"Presse- und Bloggerinterviews"},"content":{"rendered":"<p>[vc_row content_width=&#8220;full&#8220; equal_height=&#8220;yes&#8220; content_placement=&#8220;middle&#8220; css=&#8220;.vc_custom_1570386077077{background: #f4f3ec url(https:\/\/www.jennifer-b-wind.com\/wordpress-2019\/wp-content\/uploads\/2019\/10\/writecrime.jpg?id=2533) !important;}&#8220;][vc_column][gsf_space desktop=&#8220;68&#8243; tablet=&#8220;55&#8243; tablet_portrait=&#8220;50&#8243; mobile_landscape=&#8220;45&#8243; mobile=&#8220;40&#8243;][\/vc_column][vc_column width=&#8220;1\/2&#8243;][gsf_page_title font_container=&#8220;text_align:left|color:%23ffffff&#8220; title_font_size_md=&#8220;34&#8243; title_font_size_sm=&#8220;28&#8243; title_font_size_mb=&#8220;24&#8243;][\/vc_column][vc_column width=&#8220;1\/2&#8243;][gsf_breadcrumbs align=&#8220;text-right&#8220; el_class=&#8220;sm-text-left&#8220;][\/vc_column][vc_column][gsf_space desktop=&#8220;67&#8243; tablet=&#8220;55&#8243; tablet_portrait=&#8220;50&#8243; mobile_landscape=&#8220;45&#8243; mobile=&#8220;40&#8243;][gsf_space desktop=&#8220;90&#8243; tablet=&#8220;70&#8243; tablet_portrait=&#8220;60&#8243; mobile_landscape=&#8220;50&#8243; mobile=&#8220;40&#8243;][\/vc_column][\/vc_row][vc_row][vc_column][vc_column_text el_class=&#8220;&#8220;]&nbsp;<\/p>\n<p>&nbsp;<\/p>\n<p><strong>Brandneues Podcast Interview bei &#8222;B\u00fcchermenschen erz\u00e4hlen&#8220; von Heidi Troi:<\/strong><\/p>\n<p><iframe loading=\"lazy\" src=\"https:\/\/anchor.fm\/heidi-troi\/embed\/episodes\/Jennifer-B--Wind---Thriller--und-Jugendbuchautorin-ejljmc\/a-a37fnht\" width=\"400px\" height=\"102px\" frameborder=\"0\" scrolling=\"no\"><\/iframe><\/p>\n<p>&nbsp;<\/p>\n<p>&nbsp;<\/p>\n<h3><span style=\"color: #800080;\">Hier finden Sie eine kleine Auswahl an Links zu Interviews<\/span><\/h3>\n<p>[\/vc_column_text][\/vc_column][\/vc_row][vc_row][vc_column][vc_column_text]<\/p>\n<h3><\/h3>\n<h3><\/h3>\n<h3><span style=\"color: #993300;\"><em>ZUM ANSCHAUEN<\/em><\/span><\/h3>\n<p>&nbsp;<\/p>\n<h5><a href=\"https:\/\/www.youtube.com\/watch?v=U0QOfxXj4cY\">AMTV FERNSEHBEITRAG 2016 ZUM NACHSCHAUEN<\/a><\/h5>\n<h5><a href=\"https:\/\/www.youtube.com\/watch?v=0cu9gRx-1lo\">Z\u00c4UNERS KRIMISALON OKTOBER 2016<\/a><\/h5>\n<p>(mehr finden Sie in der <a href=\"https:\/\/www.jennifer-b-wind.com\/wordpress-2019\/autorin\/medien\/\">Mediengalerie)<\/a><\/p>\n<p>&nbsp;<\/p>\n<h3><em><span style=\"color: #993300;\">ZUM H\u00d6REN<\/span><\/em><\/h3>\n<h5><a href=\"https:\/\/podtail.com\/de\/podcast\/roxyspodcast\/folge-58-die-maske-der-gewalt-die-maske-der-schuld\/\">Roxys Podcast Folge 58 \u00fcber die Richard Schwarz Serie plus Interview August 2020<\/a><\/h5>\n<h5><a href=\"https:\/\/www.viennawriter.net\/podcast\/vwp026-bilder-im-kopf\/\">PODCAST VIENNA WRITERS TEIL 1<\/a><\/h5>\n<h5><a href=\"https:\/\/www.viennawriter.net\/podcast\/vwp027-autorin-sein-heisst-geduldig-sein\/\">PODCAST VIENNA WRITERS TEIL 2<\/a><\/h5>\n<p>&nbsp;<\/p>\n<h3><span style=\"color: #993300;\"><em>ZUM LESEN<\/em> <\/span><\/h3>\n<p>&nbsp;<\/p>\n<h5><a href=\"https:\/\/diabooks78.blogspot.com\/2019\/11\/buchvorstellung-einmal-anders-die-maske.html\">DIABOOKS78 2019 Buchvorstellung einmal anders<\/a><\/h5>\n<h5><a href=\"https:\/\/diabooks78.blogspot.com\/2019\/11\/autoreninterview-jennifer-b-wind.html\">DIABOOKS78\u00a0 2019 Autoreninterview<\/a><\/h5>\n<h5><a href=\"https:\/\/vielleserin.de\/auf-recherchespuren-gewandelt-mit-jennifer-b-wind\/\">VIELLESERIN 2019 Auf Recherchespuren gewandelt&#8230;<\/a><\/h5>\n<h5><a href=\"https:\/\/www.kriminetz.de\/news\/sieben-fragen-jennifer-b-wind-0\">KRIMINETZ 2019 7 FRAGEN AN JENNIFER B. WIND<\/a><\/h5>\n<h5><a href=\"https:\/\/irveliest.wordpress.com\/2017\/04\/16\/irve-fragt-jennifer-b-wind-3\/\">IRVE LIEST 2017 IRVE FRAGT&#8230;<\/a><\/h5>\n<h5><a href=\"https:\/\/frauenpanorama.de\/als-der-teufel-erwachte\/\">FRAUENPANORAMA 2016<\/a><\/h5>\n<h5><a href=\"https:\/\/www.leserkanone.de\/index.php?befehl=autoren&amp;autor=2167&amp;interview=303\">LESERKANONE 2016<\/a><\/h5>\n<h5><a href=\"https:\/\/www.blubbb.at\/jennifer_wind\/\">BLUBBBLOG 2016<\/a><\/h5>\n<h5><a href=\"http:\/\/sasija.blogspot.com\/2015\/11\/interview-jennifer-b-wind-autorin.html\">SASIJAS TARDIS BLOG 2015<\/a><\/h5>\n<h5><a href=\"https:\/\/tbuecher.jimdo.com\/interviews-1\/jennifer-b-wind\/\">THERESAS B\u00dcCHERSCHRANK 2015<\/a><\/h5>\n<h5><a href=\"https:\/\/www.woman.at\/a\/jenny-wind-thriller-als-gott-schlief\">WOMAN MAGAZIN 2014<\/a><\/h5>\n<h5><a href=\"https:\/\/www.kriminetz.de\/news\/sieben-fragen-jennifer-b-wind\">KRIMINETZ 2014<\/a><\/h5>\n<h5><a href=\"https:\/\/irveliest.wordpress.com\/2014\/12\/05\/irve-fragt-jennifer-b-wind\/\">IRVE LIEST 2014<\/a><\/h5>\n<h5><a href=\"http:\/\/katjas-buecher-und-rezepte.de\/darf-ich-bitten-deutschsprachige-autoren-im-interview-jennifer-b-wind\/\">KATJAS B\u00dcCHER UND REZEPTE 2014<\/a><\/h5>\n<h5><a href=\"https:\/\/www.hydorgol.de\/?p=2020\">HYDORGOL 2014<\/a><\/h5>\n<p>&nbsp;[\/vc_column_text][\/vc_column][\/vc_row][vc_row][vc_column][vc_column_text]<\/p>\n<h3><span style=\"color: #993300;\">Mehr Videos und Audiodateien finden Sie in der <a href=\"https:\/\/www.jennifer-b-wind.com\/wordpress-2019\/autorin\/medien\/\">Mediathek!<\/a><\/span><\/h3>\n<p>&nbsp;<\/p>\n<p>(Die Autorin \u00fcbernimmt keine Haftung f\u00fcr die verlinkten Inhalte. F\u00fcr die Inhalte der verlinkten Seiten haften die Seitenbetreiber)[\/vc_column_text][\/vc_column][\/vc_row]<\/p>\n","protected":false},"excerpt":{"rendered":"<p>[vc_row content_width=&#8220;full&#8220; equal_height=&#8220;yes&#8220; content_placement=&#8220;middle&#8220; css=&#8220;.vc_custom_1570386077077{background: #f4f3ec url(https:\/\/www.jennifer-b-wind.com\/wordpress-2019\/wp-content\/uploads\/2019\/10\/writecrime.jpg?id=2533) !important;}&#8220;][vc_column][gsf_space desktop=&#8220;68&#8243; tablet=&#8220;55&#8243; tablet_portrait=&#8220;50&#8243; mobile_landscape=&#8220;45&#8243; mobile=&#8220;40&#8243;][\/vc_column][vc_column width=&#8220;1\/2&#8243;][gsf_page_title font_container=&#8220;text_align:left|color:%23ffffff&#8220; title_font_size_md=&#8220;34&#8243; title_font_size_sm=&#8220;28&#8243; title_font_size_mb=&#8220;24&#8243;][\/vc_column][vc_column width=&#8220;1\/2&#8243;][gsf_breadcrumbs align=&#8220;text-right&#8220; el_class=&#8220;sm-text-left&#8220;][\/vc_column][vc_column][gsf_space desktop=&#8220;67&#8243; tablet=&#8220;55&#8243; tablet_portrait=&#8220;50&#8243; mobile_landscape=&#8220;45&#8243; mobile=&#8220;40&#8243;][gsf_space desktop=&#8220;90&#8243; tablet=&#8220;70&#8243; tablet_portrait=&#8220;60&#8243; mobile_landscape=&#8220;50&#8243; mobile=&#8220;40&#8243;][\/vc_column][\/vc_row][vc_row][vc_column][vc_column_text el_class=&#8220;&#8220;]&nbsp; &nbsp; Brandneues Podcast Interview bei &#8222;B\u00fcchermenschen erz\u00e4hlen&#8220; von Heidi Troi: &nbsp; &nbsp; Hier finden Sie eine kleine Auswahl an Links zu Interviews [\/vc_column_text][\/vc_column][\/vc_row][vc_row][vc_column][vc_column_text] [&hellip;]<\/p>\n","protected":false},"author":2,"featured_media":0,"parent":0,"menu_order":0,"comment_status":"closed","ping_status":"closed","template":"","meta":[],"_links":{"self":[{"href":"https:\/\/www.jennifer-b-wind.com\/wordpress-2019\/wp-json\/wp\/v2\/pages\/2482"}],"collection":[{"href":"https:\/\/www.jennifer-b-wind.com\/wordpress-2019\/wp-json\/wp\/v2\/pages"}],"about":[{"href":"https:\/\/www.jennifer-b-wind.com\/wordpress-2019\/wp-json\/wp\/v2\/types\/page"}],"author":[{"embeddable":true,"href":"https:\/\/www.jennifer-b-wind.com\/wordpress-2019\/wp-json\/wp\/v2\/users\/2"}],"replies":[{"embeddable":true,"href":"https:\/\/www.jennifer-b-wind.com\/wordpress-2019\/wp-json\/wp\/v2\/comments?post=2482"}],"version-history":[{"count":4,"href":"https:\/\/www.jennifer-b-wind.com\/wordpress-2019\/wp-json\/wp\/v2\/pages\/2482\/revisions"}],"predecessor-version":[{"id":3657,"href":"https:\/\/www.jennifer-b-wind.com\/wordpress-2019\/wp-json\/wp\/v2\/pages\/2482\/revisions\/3657"}],"wp:attachment":[{"href":"https:\/\/www.jennifer-b-wind.com\/wordpress-2019\/wp-json\/wp\/v2\/media?parent=2482"}],"curies":[{"name":"wp","href":"https:\/\/api.w.org\/{rel}","templated":true}]}}