{"id":2580,"date":"2019-10-10T17:08:56","date_gmt":"2019-10-10T15:08:56","guid":{"rendered":"https:\/\/www.jennifer-b-wind.com\/wordpress-2019\/?page_id=2580"},"modified":"2020-08-19T15:17:10","modified_gmt":"2020-08-19T13:17:10","slug":"shop","status":"publish","type":"page","link":"https:\/\/www.jennifer-b-wind.com\/wordpress-2019\/shop\/","title":{"rendered":"SHOP"},"content":{"rendered":"<p>[vc_row equal_height=&#8220;yes&#8220; content_placement=&#8220;middle&#8220; css=&#8220;.vc_custom_1542014395452{background-color: #f4f3ec !important;}&#8220;][vc_column][gsf_space desktop=&#8220;68&#8243; tablet=&#8220;55&#8243; tablet_portrait=&#8220;50&#8243; mobile_landscape=&#8220;45&#8243; mobile=&#8220;40&#8243;][\/vc_column][vc_column width=&#8220;1\/2&#8243;][gsf_page_title font_container=&#8220;text_align:left|color:%23333333&#8243; title_font_size_md=&#8220;34&#8243; title_font_size_sm=&#8220;28&#8243; title_font_size_mb=&#8220;24&#8243;][\/vc_column][vc_column width=&#8220;1\/2&#8243;][gsf_breadcrumbs align=&#8220;text-right&#8220; el_class=&#8220;sm-text-left&#8220;][\/vc_column][vc_column][gsf_space desktop=&#8220;67&#8243; tablet=&#8220;55&#8243; tablet_portrait=&#8220;50&#8243; mobile_landscape=&#8220;45&#8243; mobile=&#8220;40&#8243;][\/vc_column][\/vc_row][vc_row content_width=&#8220;full-desktop&#8220; equal_height=&#8220;yes&#8220; el_class=&#8220;lg-pd-left-right-0,row&#8220; css=&#8220;.vc_custom_1542697869976{padding-right: 70px !important;padding-left: 70px !important;}&#8220;][vc_column el_class=&#8220;responsive-banner-01&#8243; offset=&#8220;vc_col-lg-6&#8243; css=&#8220;.vc_custom_1542698051967{margin-bottom: 30px !important;}&#8220;][vc_row_inner content_placement=&#8220;middle&#8220; css=&#8220;.vc_custom_1542696653419{margin-right: 0px !important;margin-left: 0px !important;padding-right: 40px !important;padding-left: 35px !important;background-color: #f5ede6 !important;}&#8220;][vc_column_inner][gsf_space desktop=&#8220;0&#8243; tablet=&#8220;70&#8243; tablet_portrait=&#8220;60&#8243; mobile_landscape=&#8220;50&#8243; mobile=&#8220;40&#8243;][\/vc_column_inner][vc_column_inner width=&#8220;1\/3&#8243; offset=&#8220;vc_col-lg-5&#8243;][vc_single_image image=&#8220;433&#8243; img_size=&#8220;260&#215;202&#8243; alignment=&#8220;center&#8220; css=&#8220;.vc_custom_1542681316405{margin-bottom: 15px !important;}&#8220;][vc_single_image image=&#8220;183&#8243; img_size=&#8220;200&#215;51&#8243; alignment=&#8220;center&#8220;][\/vc_column_inner][vc_column_inner width=&#8220;2\/3&#8243; offset=&#8220;vc_col-lg-7&#8243;][gsf_heading text_align=&#8220;text-left justify-content-start&#8220; title=&#8220;QiVDMyVCQ2NoZXIlMjAlM0NzcGFuJTIwY2xhc3MlM0QlMjJ0ZXh0LWl0YWxpYyUyMGZ3LW5vcm1hbCUyMiUzRXVuZCUyMEdvb2RpZXMlM0MlMkZzcGFuJTNF&#8220; title_color=&#8220;#333333&#8243; title_font_size=&#8220;40||34|30|28&#8243; title_line_height=&#8220;1.4&#8243; sub_title_font_size=&#8220;18&#8243; title_use_theme_fonts=&#8220;&#8220; title_typography=&#8220;Libre Baskerville|700|700|normal&#8220; css=&#8220;.vc_custom_1570912555013{margin-bottom: 27px !important;}&#8220;][vc_column_text]<\/p>\n<div class=\"wpb_text_column wpb_content_element \">\n<div class=\"wpb_wrapper\">\n<p class=\"fs-15\">Finden Sie hier immer die neuesten Aktionen rund um meine B\u00fccher im Buchhandel oder bestellen Sie handsignierte B\u00fccher. Au\u00dferdem stehen Packages zur Verf\u00fcgung mit Goodies zu meinen B\u00fcchern, die sich f\u00fcr alle Anl\u00e4sse als Geschenk eignen. Selbstverst\u00e4ndlich gibt es jedes Buch auch mit Wunschwidmung.<\/p>\n<p class=\"fs-15\"><strong>Gerne stelle ich Ihnen auch einen individuellen Geschenkkorb zusammen.\u00a0\u00a0\u00a0\u00a0\u00a0\u00a0\u00a0\u00a0\u00a0\u00a0 <\/strong><\/p>\n<p class=\"fs-15\">Alle Preise verstehen sich exklusive Versandkosten.<\/p>\n<p class=\"fs-15\">\u00a0( Zu besonderen Anl\u00e4ssen wie Weihnachten wird es immer limitierte Editionen bei den Packages und Goodies geben. Heuer ab Mitte November)<\/p>\n<\/div>\n<\/div>\n<p>[\/vc_column_text][\/vc_column_inner][vc_column_inner][gsf_space desktop=&#8220;0&#8243; tablet=&#8220;50&#8243; tablet_portrait=&#8220;45&#8243; mobile_landscape=&#8220;40&#8243; mobile=&#8220;40&#8243;][\/vc_column_inner][\/vc_row_inner][\/vc_column][vc_column width=&#8220;1\/2&#8243; offset=&#8220;vc_col-lg-3&#8243; css=&#8220;.vc_custom_1542698059175{margin-bottom: 30px !important;}&#8220;][vc_single_image image=&#8220;2914&#8243; img_size=&#8220;full&#8220; onclick=&#8220;custom_link&#8220; img_link_target=&#8220;_blank&#8220; link=&#8220;http:\/\/https:\/\/www.amazon.de\/Die-Maske-Gewalt-Ein-Richard-Schwarz-Thriller-ebook\/dp\/B07P2W1Q1P\/ref=tmm_kin_swatch_0?_encoding=UTF8&#038;qid=1597842993&#038;sr=1-1-fdbae751-0fa5-4c0f-900b-865654896618&#8243;][\/vc_column][vc_column width=&#8220;1\/2&#8243; offset=&#8220;vc_col-lg-3&#8243; css=&#8220;.vc_custom_1542698067775{margin-bottom: 30px !important;}&#8220;][gsf_banner layout_style=&#8220;style-02&#8243; image=&#8220;2585&#8243;]<\/p>\n<div style=\"position: absolute; bottom: 40px; left: 30px;\">\n<h3 class=\"mg-top-0 fw-bold\" style=\"margin-bottom: 12px; line-height: 40px;\"><strong>GOODIES<\/strong><br \/>\n<span class=\"text-italic fs-24 fw-normal\"><a href=\"http:\/\/jbw@jennifer-b-wind.com\">bestellen<\/a>!<\/span><\/h3>\n<p class=\"accent-color\" style=\"letter-spacing: 1px;\">&lt;<\/p>\n<\/div>\n<p>[\/gsf_banner][\/vc_column][vc_column el_class=&#8220;order-xl-4&#8243; offset=&#8220;vc_col-lg-6&#8243;][gsf_banner layout_style=&#8220;style-02&#8243; image=&#8220;2635&#8243; link=&#8220;url:http%3A%2F%2Fjbw%40jennifer-b-wind.com|title:signiert%20Kaufen||&#8220;]<\/p>\n<div style=\"position: absolute; bottom: 40px; left: 52px;\">\n<h2 class=\"mg-top-0 fw-bold\" style=\"margin-bottom: 12px; line-height: 1.4;\">Richard<br \/>\n<span class=\"text-italic fw-normal\">Schwarz Serie<\/span><\/h2>\n<p style=\"letter-spacing: 1px;\">\n<a href=\"http:\/\/jbw@jennifer-b-wind.com\">signiert Kaufen<\/a><\/div>\n<p>[\/gsf_banner][gsf_space desktop=&#8220;0&#8243; tablet=&#8220;30&#8243; tablet_portrait=&#8220;30&#8243; mobile_landscape=&#8220;30&#8243; mobile=&#8220;30&#8243;][\/vc_column][vc_column el_class=&#8220;sm-mg-bottom-30,order-xl-3&#8243; width=&#8220;1\/2&#8243; offset=&#8220;vc_col-lg-3&#8243;][gsf_banner layout_style=&#8220;style-02&#8243; image=&#8220;2650&#8243;]<\/p>\n<div style=\"position: absolute; top: 50px; left: 50px;\">\n<h3 class=\"mg-top-0 fw-bold\" style=\"margin-bottom: 12px; line-height: 40px;\">Anthologien<br \/>\n<span class=\"text-italic fs-24 fw-normal\">mit Wunschwidmung<\/span><\/h3>\n<p><a href=\"jbw@jennifer-b-wind.com\">Hier bestellen<\/a><\/p>\n<\/div>\n<p>[\/gsf_banner][\/vc_column][vc_column el_class=&#8220;order-xl-5&#8243; width=&#8220;1\/2&#8243; offset=&#8220;vc_col-lg-3&#8243;][gsf_banner layout_style=&#8220;style-02&#8243; image=&#8220;2639&#8243;]<\/p>\n<div style=\"position: absolute; bottom: 40px; left: 30px;\">\n<h3 class=\"mg-top-0 fw-bold\" style=\"margin-bottom: 12px; line-height: 40px;\">Bestseller<br \/>\nBooks signiert<\/h3>\n<p class=\"accent-color\" style=\"letter-spacing: 1px;\">\nHier Bestellen!<\/p>\n<\/div>\n<p>[\/gsf_banner][\/vc_column][\/vc_row][vc_row][vc_column][vc_column_text]<\/p>\n<h3>Die Jutta Stern Reihe<\/h3>\n<p>Sie h\u00e4tten gerne eine Wunschwidmung und Signatur?<\/p>\n<p><a href=\"jbw@jennifer-b-wind.com\">Bestellen Sie hier!<\/a><\/p>\n<h5><span style=\"color: #ff0000;\">Achtung<\/span><\/h5>\n<h6>&#8222;Als der Teufel erwachte&#8220; &#8211; 2. Teil mit Jutta Stern und Thomas Neumann, ist momentan vergriffen. Das Buch ist zur Zeit nur noch bei mir pers\u00f6nlich zu haben. Und nur so lange der Vorrat reicht.<\/h6>\n<p>[\/vc_column_text][vc_single_image image=&#8220;2638&#8243; img_size=&#8220;large&#8220;][\/vc_column][\/vc_row]<\/p>\n","protected":false},"excerpt":{"rendered":"<p>[vc_row equal_height=&#8220;yes&#8220; content_placement=&#8220;middle&#8220; css=&#8220;.vc_custom_1542014395452{background-color: #f4f3ec !important;}&#8220;][vc_column][gsf_space desktop=&#8220;68&#8243; tablet=&#8220;55&#8243; tablet_portrait=&#8220;50&#8243; mobile_landscape=&#8220;45&#8243; mobile=&#8220;40&#8243;][\/vc_column][vc_column width=&#8220;1\/2&#8243;][gsf_page_title font_container=&#8220;text_align:left|color:%23333333&#8243; title_font_size_md=&#8220;34&#8243; title_font_size_sm=&#8220;28&#8243; title_font_size_mb=&#8220;24&#8243;][\/vc_column][vc_column width=&#8220;1\/2&#8243;][gsf_breadcrumbs align=&#8220;text-right&#8220; el_class=&#8220;sm-text-left&#8220;][\/vc_column][vc_column][gsf_space desktop=&#8220;67&#8243; tablet=&#8220;55&#8243; tablet_portrait=&#8220;50&#8243; mobile_landscape=&#8220;45&#8243; mobile=&#8220;40&#8243;][\/vc_column][\/vc_row][vc_row content_width=&#8220;full-desktop&#8220; equal_height=&#8220;yes&#8220; el_class=&#8220;lg-pd-left-right-0,row&#8220; css=&#8220;.vc_custom_1542697869976{padding-right: 70px !important;padding-left: 70px !important;}&#8220;][vc_column el_class=&#8220;responsive-banner-01&#8243; offset=&#8220;vc_col-lg-6&#8243; css=&#8220;.vc_custom_1542698051967{margin-bottom: 30px !important;}&#8220;][vc_row_inner content_placement=&#8220;middle&#8220; css=&#8220;.vc_custom_1542696653419{margin-right: 0px !important;margin-left: 0px !important;padding-right: 40px !important;padding-left: 35px !important;background-color: #f5ede6 !important;}&#8220;][vc_column_inner][gsf_space desktop=&#8220;0&#8243; tablet=&#8220;70&#8243; tablet_portrait=&#8220;60&#8243; mobile_landscape=&#8220;50&#8243; mobile=&#8220;40&#8243;][\/vc_column_inner][vc_column_inner width=&#8220;1\/3&#8243; [&hellip;]<\/p>\n","protected":false},"author":2,"featured_media":0,"parent":0,"menu_order":0,"comment_status":"closed","ping_status":"closed","template":"","meta":[],"_links":{"self":[{"href":"https:\/\/www.jennifer-b-wind.com\/wordpress-2019\/wp-json\/wp\/v2\/pages\/2580"}],"collection":[{"href":"https:\/\/www.jennifer-b-wind.com\/wordpress-2019\/wp-json\/wp\/v2\/pages"}],"about":[{"href":"https:\/\/www.jennifer-b-wind.com\/wordpress-2019\/wp-json\/wp\/v2\/types\/page"}],"author":[{"embeddable":true,"href":"https:\/\/www.jennifer-b-wind.com\/wordpress-2019\/wp-json\/wp\/v2\/users\/2"}],"replies":[{"embeddable":true,"href":"https:\/\/www.jennifer-b-wind.com\/wordpress-2019\/wp-json\/wp\/v2\/comments?post=2580"}],"version-history":[{"count":6,"href":"https:\/\/www.jennifer-b-wind.com\/wordpress-2019\/wp-json\/wp\/v2\/pages\/2580\/revisions"}],"predecessor-version":[{"id":2915,"href":"https:\/\/www.jennifer-b-wind.com\/wordpress-2019\/wp-json\/wp\/v2\/pages\/2580\/revisions\/2915"}],"wp:attachment":[{"href":"https:\/\/www.jennifer-b-wind.com\/wordpress-2019\/wp-json\/wp\/v2\/media?parent=2580"}],"curies":[{"name":"wp","href":"https:\/\/api.w.org\/{rel}","templated":true}]}}