{"id":3060,"date":"2020-11-09T17:02:25","date_gmt":"2020-11-09T16:02:25","guid":{"rendered":"https:\/\/www.jennifer-b-wind.com\/wordpress-2019\/?page_id=3060"},"modified":"2021-12-24T15:25:07","modified_gmt":"2021-12-24T14:25:07","slug":"last-christmas","status":"publish","type":"page","link":"https:\/\/www.jennifer-b-wind.com\/wordpress-2019\/last-christmas\/","title":{"rendered":"LAST CHRISTMAS"},"content":{"rendered":"<p>[vc_row equal_height=&#8220;yes&#8220; content_placement=&#8220;middle&#8220; css=&#8220;.vc_custom_1542014395452{background-color: #f4f3ec !important;}&#8220;][vc_column][gsf_space desktop=&#8220;68&#8243; tablet=&#8220;55&#8243; tablet_portrait=&#8220;50&#8243; mobile_landscape=&#8220;45&#8243; mobile=&#8220;40&#8243;][\/vc_column][vc_column width=&#8220;1\/2&#8243;][gsf_page_title font_container=&#8220;text_align:left|color:%23333333&#8243; title_font_size_md=&#8220;34&#8243; title_font_size_sm=&#8220;28&#8243; title_font_size_mb=&#8220;24&#8243;][\/vc_column][vc_column width=&#8220;1\/2&#8243;][gsf_breadcrumbs align=&#8220;text-right&#8220; el_class=&#8220;sm-text-left&#8220;][\/vc_column][vc_column][gsf_space desktop=&#8220;67&#8243; tablet=&#8220;55&#8243; tablet_portrait=&#8220;50&#8243; mobile_landscape=&#8220;45&#8243; mobile=&#8220;40&#8243;][\/vc_column][\/vc_row][vc_row][vc_column][vc_column_text]<\/p>\n<h4>NEU! LAST CHRISTMAS &#8211; CRIME NOIR NOVELLE<\/h4>\n<h5>Kurz vor Weihnachten verliert Friedrich Stolz seinen Job. Eine schier unglaubliche Last, denn seine Frau sitzt seit einem Unfall im Rollstuhl, gemeinsam haben sie drei Kinder. Um seine Frau nicht zus\u00e4tzlich zu belasten, verschweigt er seine Arbeitslosigkeit. Auf dem Weihnachtsmarkt bekommt er ein Jobangebot bei einer Entr\u00fcmplungsfirma. Zwei ebenfalls gek\u00fcndigte Freunde haben zudem eine Gesch\u00e4ftsidee, schneller an Geld zu kommen und sich gleichzeitig am ehemaligen Chef zu r\u00e4chen.<\/h5>\n<h5>PRESSE UND BLOGGERSTIMMEN:<\/h5>\n<p><span class=\"cr-widget-FocalReviews\" data-hook=\"cr-widget-FocalReviews\"><span class=\"a-size-base review-text\" data-hook=\"review-body\">&#8222;Spannend zu lesen und genau das Richtige um gewisse \u203aProblemchen\u2039 ein wenig zu relativieren. Wer da noch \u00fcber das eigene Schicksal jammern m\u00f6chte, dem wird das nach dieser Story schwerfallen. Unbedingte Leseempfehlung.&#8220; <strong>Romanfresser<\/strong><br \/>\n<\/span><\/span><\/p>\n<p><a href=\"https:\/\/www.amazon.de\/gp\/product\/B08M5ZNX4C\/ref=dbs_a_def_rwt_hsch_vapi_tkin_p1_i2\"><img loading=\"lazy\" class=\"aligncenter wp-image-3090 size-full\" src=\"https:\/\/www.jennifer-b-wind.com\/wordpress-2019\/wp-content\/uploads\/2020\/12\/last-christmas-sujet.png\" alt=\"\" width=\"1080\" height=\"1080\" srcset=\"https:\/\/www.jennifer-b-wind.com\/wordpress-2019\/wp-content\/uploads\/2020\/12\/last-christmas-sujet.png 1080w, https:\/\/www.jennifer-b-wind.com\/wordpress-2019\/wp-content\/uploads\/2020\/12\/last-christmas-sujet-150x150.png 150w, https:\/\/www.jennifer-b-wind.com\/wordpress-2019\/wp-content\/uploads\/2020\/12\/last-christmas-sujet-300x300.png 300w, https:\/\/www.jennifer-b-wind.com\/wordpress-2019\/wp-content\/uploads\/2020\/12\/last-christmas-sujet-768x768.png 768w, https:\/\/www.jennifer-b-wind.com\/wordpress-2019\/wp-content\/uploads\/2020\/12\/last-christmas-sujet-1024x1024.png 1024w\" sizes=\"(max-width: 1080px) 100vw, 1080px\" \/><img loading=\"lazy\" class=\"aligncenter wp-image-3063 size-full\" src=\"https:\/\/www.jennifer-b-wind.com\/wordpress-2019\/wp-content\/uploads\/2020\/11\/LastChristmas_2d_RGB.jpg\" alt=\"\" width=\"1417\" height=\"2362\" srcset=\"https:\/\/www.jennifer-b-wind.com\/wordpress-2019\/wp-content\/uploads\/2020\/11\/LastChristmas_2d_RGB.jpg 1417w, https:\/\/www.jennifer-b-wind.com\/wordpress-2019\/wp-content\/uploads\/2020\/11\/LastChristmas_2d_RGB-180x300.jpg 180w, https:\/\/www.jennifer-b-wind.com\/wordpress-2019\/wp-content\/uploads\/2020\/11\/LastChristmas_2d_RGB-768x1280.jpg 768w, https:\/\/www.jennifer-b-wind.com\/wordpress-2019\/wp-content\/uploads\/2020\/11\/LastChristmas_2d_RGB-614x1024.jpg 614w\" sizes=\"(max-width: 1417px) 100vw, 1417px\" \/><\/a>[\/vc_column_text][\/vc_column][\/vc_row][vc_row][vc_column][vc_column_text]<\/p>\n<h4><span style=\"color: #008000;\">Mit Rezept f\u00fcr den Weihnachtsabend.<\/span><\/h4>\n<h4>Erschienen bei Gmeiner als Ebook Only als Epub und Mobi<\/h4>\n<h4><span style=\"color: #ff00ff;\">Seit 1. November 2020 \u00fcberall im Handel!<\/span><\/h4>\n<p>&nbsp;<\/p>\n<h3><span style=\"color: #008000;\">LESEPROBE:<\/span><\/h3>\n<p>[\/vc_column_text][\/vc_column][\/vc_row][vc_row][vc_column][vc_column_text]<iframe loading=\"lazy\" style=\"max-width: 100%;\" src=\"https:\/\/lesen.amazon.de\/kp\/card?asin=B08M5ZNX4C&amp;preview=inline&amp;linkCode=kpe&amp;ref_=cm_sw_r_kb_dp_7F9ZFb86JYP7S\" width=\"336\" height=\"550\" frameborder=\"0\" allowfullscreen=\"allowfullscreen\"><\/iframe>[\/vc_column_text][\/vc_column][\/vc_row]<\/p>\n","protected":false},"excerpt":{"rendered":"<p>[vc_row equal_height=&#8220;yes&#8220; content_placement=&#8220;middle&#8220; css=&#8220;.vc_custom_1542014395452{background-color: #f4f3ec !important;}&#8220;][vc_column][gsf_space desktop=&#8220;68&#8243; tablet=&#8220;55&#8243; tablet_portrait=&#8220;50&#8243; mobile_landscape=&#8220;45&#8243; mobile=&#8220;40&#8243;][\/vc_column][vc_column width=&#8220;1\/2&#8243;][gsf_page_title font_container=&#8220;text_align:left|color:%23333333&#8243; title_font_size_md=&#8220;34&#8243; title_font_size_sm=&#8220;28&#8243; title_font_size_mb=&#8220;24&#8243;][\/vc_column][vc_column width=&#8220;1\/2&#8243;][gsf_breadcrumbs align=&#8220;text-right&#8220; el_class=&#8220;sm-text-left&#8220;][\/vc_column][vc_column][gsf_space desktop=&#8220;67&#8243; tablet=&#8220;55&#8243; tablet_portrait=&#8220;50&#8243; mobile_landscape=&#8220;45&#8243; mobile=&#8220;40&#8243;][\/vc_column][\/vc_row][vc_row][vc_column][vc_column_text] NEU! LAST CHRISTMAS &#8211; CRIME NOIR NOVELLE Kurz vor Weihnachten verliert Friedrich Stolz seinen Job. Eine schier unglaubliche Last, denn seine Frau sitzt seit einem Unfall im Rollstuhl, gemeinsam haben sie [&hellip;]<\/p>\n","protected":false},"author":2,"featured_media":0,"parent":0,"menu_order":0,"comment_status":"closed","ping_status":"closed","template":"","meta":[],"_links":{"self":[{"href":"https:\/\/www.jennifer-b-wind.com\/wordpress-2019\/wp-json\/wp\/v2\/pages\/3060"}],"collection":[{"href":"https:\/\/www.jennifer-b-wind.com\/wordpress-2019\/wp-json\/wp\/v2\/pages"}],"about":[{"href":"https:\/\/www.jennifer-b-wind.com\/wordpress-2019\/wp-json\/wp\/v2\/types\/page"}],"author":[{"embeddable":true,"href":"https:\/\/www.jennifer-b-wind.com\/wordpress-2019\/wp-json\/wp\/v2\/users\/2"}],"replies":[{"embeddable":true,"href":"https:\/\/www.jennifer-b-wind.com\/wordpress-2019\/wp-json\/wp\/v2\/comments?post=3060"}],"version-history":[{"count":9,"href":"https:\/\/www.jennifer-b-wind.com\/wordpress-2019\/wp-json\/wp\/v2\/pages\/3060\/revisions"}],"predecessor-version":[{"id":3357,"href":"https:\/\/www.jennifer-b-wind.com\/wordpress-2019\/wp-json\/wp\/v2\/pages\/3060\/revisions\/3357"}],"wp:attachment":[{"href":"https:\/\/www.jennifer-b-wind.com\/wordpress-2019\/wp-json\/wp\/v2\/media?parent=3060"}],"curies":[{"name":"wp","href":"https:\/\/api.w.org\/{rel}","templated":true}]}}