{"id":3132,"date":"2021-02-13T00:18:21","date_gmt":"2021-02-12T23:18:21","guid":{"rendered":"https:\/\/www.jennifer-b-wind.com\/wordpress-2019\/?page_id=3132"},"modified":"2026-03-13T20:19:10","modified_gmt":"2026-03-13T19:19:10","slug":"linktree","status":"publish","type":"page","link":"https:\/\/www.jennifer-b-wind.com\/wordpress-2019\/linktree\/","title":{"rendered":"LINKTREE"},"content":{"rendered":"<p>[vc_row equal_height=&#8220;yes&#8220; content_placement=&#8220;middle&#8220; css=&#8220;.vc_custom_1542014395452{background-color: #f4f3ec !important;}&#8220;][vc_column][gsf_space desktop=&#8220;68&#8243; tablet=&#8220;55&#8243; tablet_portrait=&#8220;50&#8243; mobile_landscape=&#8220;45&#8243; mobile=&#8220;40&#8243;][\/vc_column][vc_column width=&#8220;1\/2&#8243;][gsf_page_title font_container=&#8220;text_align:left|color:%23333333&#8243; title_font_size_md=&#8220;34&#8243; title_font_size_sm=&#8220;28&#8243; title_font_size_mb=&#8220;24&#8243;][\/vc_column][vc_column width=&#8220;1\/2&#8243;][gsf_breadcrumbs align=&#8220;text-right&#8220; el_class=&#8220;sm-text-left&#8220;][\/vc_column][vc_column][gsf_space desktop=&#8220;67&#8243; tablet=&#8220;55&#8243; tablet_portrait=&#8220;50&#8243; mobile_landscape=&#8220;45&#8243; mobile=&#8220;40&#8243;][vc_cta h2=&#8220;Zu meiner Webseite&#8220; style=&#8220;3d&#8220; color=&#8220;blue&#8220; add_button=&#8220;left&#8220; btn_title=&#8220;Home&#8220; btn_color=&#8220;black&#8220; btn_link=&#8220;url:http%3A%2F%2Fwww.jennifer-b-wind.com|||&#8220;][\/vc_cta][vc_cta h2=&#8220;zum Bookerfly WORKSHOP&#8220; style=&#8220;3d&#8220; color=&#8220;mulled-wine&#8220; add_button=&#8220;left&#8220; btn_title=&#8220;Jetzt anmelden!&#8220; btn_color=&#8220;warning&#8220; btn_size=&#8220;lg&#8220; btn_align=&#8220;left&#8220; btn_el_class=&#8220;&#8220; el_class=&#8220;&#8220; btn_link=&#8220;url:https%3A%2F%2Fbookerfly-workshop.lovable.app%2F||target:%20_blank|&#8220;]Spannungsaufbau bis zum H\u00f6hepunkt[\/vc_cta][vc_cta h2=&#8220;EVENTS, LESUNGEN; SIGNIERSTUNDEN&#8220; h4=&#8220;EVENTPAUSE ab 8. M\u00e4rz (letzte Lesung 7. M\u00e4rz 2026)- B\u00fccher m\u00fcssen geschrieben werden :-)&#8220; style=&#8220;3d&#8220; color=&#8220;pink&#8220; add_button=&#8220;left&#8220; btn_title=&#8220;Komm vorbei!&#8220; btn_link=&#8220;url:https%3A%2F%2Fwww.jennifer-b-wind.com%2Fwordpress-2019%2Fevent%2Fbookerfly-umsetzungskongress-fuer-autorinnen%2F|title:Bookerfly%20Umsetzungskongress%20f%C3%BCr%20Autor%3Ainnen||&#8220;][\/vc_cta][vc_cta h2=&#8220;Bookerfly Umsetzungskongress 2026&#8243; h4=&#8220;Melde dich jetzt an&#8220; style=&#8220;3d&#8220; color=&#8220;orange&#8220; add_button=&#8220;left&#8220; btn_title=&#8220;Zum Goldpaket&#8220; btn_style=&#8220;3d&#8220; btn_color=&#8220;default&#8220; btn_size=&#8220;lg&#8220; btn_link=&#8220;url:https%3A%2F%2Fbuka.bookerfly.de%2F%3F_gl%3D1*7yatbv*_ga*ODI5NjI3NTMyLjE3NDIyNDA4MDk.*_ga_VESE8MYC3N*czE3NzI1Njk2NzUkbzMwJGcwJHQxNzcyNTY5Njc1JGo2MCRsMCRoMA..|||&#8220;][\/vc_cta][vc_cta h2=&#8220;NEU* unter meinem Pseudonym JAANE JANSSEN &#8211; Die Spur der Sehnsucht&#8220; style=&#8220;3d&#8220; color=&#8220;turquoise&#8220; add_button=&#8220;left&#8220; btn_title=&#8220;Hier gehts zum Buch&#8220; btn_color=&#8220;white&#8220; btn_link=&#8220;url:https%3A%2F%2Fwww.amazon.de%2FDie-Spur-Sehnsucht-Ostfriesland-Saga-Band%2Fdp%2F2496715218|||&#8220;][\/vc_cta][vc_cta h2=&#8220;Alle drei B\u00e4nde der Jutta Stern Reihe jetzt als Ebook in Aktion!&#8220; h4=&#8220;Jetzt als Ebooks in Aktion zum kleinen Preis!!&#8220; style=&#8220;3d&#8220; color=&#8220;white&#8220; add_button=&#8220;left&#8220; btn_title=&#8220;Hier gehts lang!&#8220; btn_style=&#8220;3d&#8220; btn_color=&#8220;danger&#8220; btn_size=&#8220;lg&#8220; btn_link=&#8220;url:https%3A%2F%2Fwww.thalia.at%2Fshop%2Fhome%2Fartikeldetails%2FA1033751475|||&#8220;][\/vc_cta][vc_cta h2=&#8220;WO DAS B\u00d6SE REGIERT&#8220; h4=&#8220;Der dritte Fall f\u00fcr Jutta Stern und Tom Neumann JETZT \u00fcberall als Ebook und H\u00f6rbuch!&#8220; style=&#8220;3d&#8220; color=&#8220;white&#8220; add_button=&#8220;left&#8220; btn_title=&#8220;JETZT LESEN ODER H\u00d6REN&#8220; btn_style=&#8220;3d&#8220; btn_color=&#8220;danger&#8220; btn_size=&#8220;lg&#8220; btn_i_type=&#8220;openiconic&#8220; btn_i_icon_openiconic=&#8220;vc-oi vc-oi-up&#8220; btn_add_icon=&#8220;true&#8220; btn_link=&#8220;url:https%3A%2F%2Fwww.thalia.at%2Fshop%2Fhome%2Fartikeldetails%2FA1067522934|||&#8220;][\/vc_cta][vc_cta h2=&#8220;WASSERFALLSTURZ&#8220; h4=&#8220;Die neue Krimireihe mit Franzi F\u00fcrst und Max J\u00e4ger&#8220; style=&#8220;3d&#8220; color=&#8220;vista-blue&#8220; add_button=&#8220;left&#8220; btn_title=&#8220;Jetzt vorbestellen!!&#8220; btn_color=&#8220;white&#8220; btn_link=&#8220;url:https%3A%2F%2Fwww.amazon.de%2FWasserfallsturz-Ein-Murtal-Krimi-Servus-Krimi%2Fdp%2F3710403375%2Fref%3Dtmm_pap_swatch_0%3F_encoding%3DUTF8%26qid%3D1690491155%26sr%3D8-1|||&#8220;]AB 21. SEPTEMBER im HANDEL!!![\/vc_cta][vc_cta h2=&#8220;Buchen Sie mich f\u00fcr Ihre Veranstaltung!&#8220; h4=&#8220;Kabarett-Lesung, Schulveranstaltungen, Literaturfestival oder Talk!&#8220; style=&#8220;3d&#8220; color=&#8220;juicy-pink&#8220; add_button=&#8220;left&#8220; btn_title=&#8220;Zur Buchung!&#8220; btn_style=&#8220;3d&#8220; btn_color=&#8220;white&#8220; btn_size=&#8220;lg&#8220; btn_link=&#8220;url:https%3A%2F%2Fwww.jennifer-b-wind.com%2Fwordpress-2019%2Fbuchen-sie-mich%2F|title:Buchen%20Sie%20mich!||&#8220;][\/vc_cta][vc_cta h2=&#8220;Lust auf besondere Schulveranstaltungen?&#8220; h4=&#8220;Hier geht es zur Seite vom OeAD&#8220; style=&#8220;3d&#8220; color=&#8220;purple&#8220; add_button=&#8220;left&#8220; btn_title=&#8220;Infos findest du hier&#8220; btn_color=&#8220;white&#8220; btn_link=&#8220;url:https%3A%2F%2Fkulturvermittlung.angebote.oead.at%2Fhtml%2FD%2Fangebote.asp%3Fguid%3D%7BF8D5A075-168B-4C0C-BE41-B6D44A74BEE1%7D|||&#8220;][\/vc_cta][vc_cta h2=&#8220;Bookerfly Schreib Dein BUCH PODCAST&#8220; h4=&#8220;Deine Schreibsnacks!&#8220; color=&#8220;turquoise&#8220; add_button=&#8220;left&#8220; btn_title=&#8220;Zum Youtube Channel&#8220; btn_color=&#8220;pink&#8220; btn_link=&#8220;url:https%3A%2F%2Fwww.youtube.com%2Fchannel%2FUCc9AVsqeRMl7xQO3qLbIh1g|||&#8220;][\/vc_cta][vc_cta h2=&#8220;T\u00f6dlicher Schmerz&#8220; h4=&#8220;Vier abgr\u00fcndige Kurzkrimis&#8220; style=&#8220;3d&#8220; color=&#8220;white&#8220; add_button=&#8220;left&#8220; btn_title=&#8220;Jetzt lesen!&#8220; btn_style=&#8220;3d&#8220; btn_color=&#8220;danger&#8220; btn_size=&#8220;lg&#8220; btn_link=&#8220;url:https%3A%2F%2Fwww.amazon.de%2Fgp%2Fproduct%2FB0B2T4SFPM%2Fref%3Ddbs_a_def_rwt_hsch_vapi_tkin_p1_i1|||&#8220;][\/vc_cta][\/vc_column][\/vc_row][vc_row][vc_column][vc_cta h2=&#8220;Teufelspakt, L\u00fcge und Moral&#8220; style=&#8220;3d&#8220; color=&#8220;juicy-pink&#8220; add_button=&#8220;left&#8220; btn_title=&#8220;Zum Buch!&#8220; btn_color=&#8220;danger&#8220; btn_link=&#8220;url:https%3A%2F%2Fwww.amazon.de%2Fgp%2Fproduct%2F3941935917%2Fref%3Ddbs_a_def_rwt_bibl_vppi_i22|||&#8220;][\/vc_cta][vc_cta h2=&#8220;T\u00f6dlicher Maskentanz &#8211; Richard Schwarz&#8220; style=&#8220;3d&#8220; color=&#8220;blue&#8220; add_button=&#8220;left&#8220; btn_title=&#8220;Jetzt bei Thalia kaufen!&#8220; btn_color=&#8220;turquoise&#8220; btn_link=&#8220;url:https%3A%2F%2Fwww.thalia.at%2Fshop%2Fhome%2Fartikeldetails%2FA1063168713|||&#8220;]Auch als Epub zum bsp bei Thalia, Weltbild, Osiander, Heyn und Press and Books[\/vc_cta][vc_cta h2=&#8220;T\u00f6dlicher Maskentanz &#8211; Richard Schwarz&#8220; style=&#8220;3d&#8220; color=&#8220;blue&#8220; add_button=&#8220;left&#8220; btn_title=&#8220;Jetzt bei Amazon kaufen!&#8220; btn_color=&#8220;info&#8220; btn_link=&#8220;url:https%3A%2F%2Fwww.amazon.de%2Fgp%2Fproduct%2FB09RZKP1H8%2Fref%3Ddbs_a_def_rwt_hsch_vapi_tkin_p2_i5|||&#8220;][\/vc_cta][\/vc_column][\/vc_row][vc_row][vc_column][vc_cta h2=&#8220;Zur falschen Zeit am falschen Ort&#8220; style=&#8220;3d&#8220; color=&#8220;mulled-wine&#8220; add_button=&#8220;left&#8220; btn_title=&#8220;Zum Buch&#8220; btn_link=&#8220;url:https%3A%2F%2Fwww.amazon.de%2Fgp%2Fproduct%2F3941935968%2Fref%3Ddbs_a_def_rwt_bibl_vppi_i20|||&#8220;][\/vc_cta][vc_cta h2=&#8220;In 18 Morden um die Welt&#8220; style=&#8220;3d&#8220; color=&#8220;green&#8220; add_button=&#8220;left&#8220; btn_title=&#8220;Zum Buch&#8220; btn_color=&#8220;blue&#8220; btn_link=&#8220;url:https%3A%2F%2Fwww.amazon.de%2Fgp%2Fproduct%2FB093Y5DTJT%2Fref%3Ddbs_a_def_rwt_hsch_vapi_tkin_p1_i5|||&#8220;][\/vc_cta][vc_cta h2=&#8220;Der 13. Patient&#8220; h4=&#8220;Ein mordslustiger Kurzthriller&#8220; style=&#8220;3d&#8220; color=&#8220;black&#8220; add_button=&#8220;left&#8220; btn_title=&#8220;Hier kostenlos downloaden!&#8220; btn_link=&#8220;url:https%3A%2F%2Fwww.jennifer-b-wind.com%2Fwordpress-2019%2Fmordslustige-geschichten%2F|||&#8220;][\/vc_cta][\/vc_column][\/vc_row][vc_row][vc_column][vc_cta h2=&#8220;Tour de Mord&#8220; style=&#8220;3d&#8220; color=&#8220;orange&#8220; add_button=&#8220;left&#8220; btn_title=&#8220;Zum Buch&#8220; btn_color=&#8220;warning&#8220; btn_link=&#8220;url:https%3A%2F%2Fwww.amazon.de%2Fgp%2Fproduct%2FB091HYQL78%2Fref%3Ddbs_a_def_rwt_hsch_vapi_tkin_p1_i4|||&#8220;][\/vc_cta][\/vc_column][\/vc_row][vc_row][vc_column][vc_cta h2=&#8220;&#8222;Wenn der Teufel erwacht&#8222; war das Buch der Woche bei Dotbooks&#8220; style=&#8220;3d&#8220; color=&#8220;green&#8220; add_button=&#8220;left&#8220; btn_title=&#8220;Zum Buch der Woche!&#8220; btn_color=&#8220;danger&#8220; btn_size=&#8220;lg&#8220; btn_align=&#8220;left&#8220; btn_link=&#8220;url:https%3A%2F%2Fwww.dotbooks.de%2Fbuch-der-woche.html|||&#8220;][\/vc_cta][\/vc_column][\/vc_row][vc_row][vc_column][vc_cta h2=&#8220;Buch der WOCHE&#8220; h4=&#8220;&#8222;Als Gott schlief&#8222; war Buch der Woche bei Dotbooks&#8220; style=&#8220;3d&#8220; color=&#8220;green&#8220; add_button=&#8220;left&#8220; btn_title=&#8220;Hier geht es zum Vorstellungstext&#8220; btn_color=&#8220;black&#8220; btn_link=&#8220;url:https%3A%2F%2Fwww.dotbooks.de%2Fbuch-der-woche.html||target:%20_blank|&#8220;][\/vc_cta][vc_cta h2=&#8220;Zu Dotbooks&#8220; color=&#8220;green&#8220; add_button=&#8220;left&#8220; btn_title=&#8220;Finde alle meine Dotbooks Ebooks hier&#8220; btn_color=&#8220;warning&#8220; btn_link=&#8220;url:https%3A%2F%2Fwww.dotbooks.de%2Fuser%2F4999336|||&#8220;][\/vc_cta][vc_cta h2=&#8220;Zum Gmeiner Verlag&#8220; add_button=&#8220;left&#8220; btn_title=&#8220;Finde alle meine Gmeiner B\u00fccher&#8220; btn_color=&#8220;inverse&#8220; btn_link=&#8220;url:https%3A%2F%2Fwww.gmeiner-verlag.de%2Fautoren%2Fautor%2F577-jennifer-b-wind.html|||&#8220;][\/vc_cta][vc_cta h2=&#8220;Zu EditionM&#8220; color=&#8220;violet&#8220; add_button=&#8220;left&#8220; btn_title=&#8220;Zum Verlag&#8220; btn_color=&#8220;mulled-wine&#8220; btn_link=&#8220;url:https%3A%2F%2Fwww.amazon.de%2Fb%2Fref%3Ds9_acss_bw_cg_uppernav_1c1_w%3Fie%3DUTF8%26node%3D14155325031%26pf_rd_m%3DA3JWKAKR8XB7XF%26pf_rd_s%3Dmerchandised-search-4%26pf_rd_r%3D8E6H9YMTX6Y0288W4AQY%26pf_rd_t%3D101%26pf_rd_p%3Da4a14b03-d5c0-431a-b714-a9f9c16462b2%26pf_rd_i%3D14136111031|||&#8220;][\/vc_cta][\/vc_column][\/vc_row][vc_row][vc_column][vc_cta h2=&#8220;Die Maske der Schuld&#8220; style=&#8220;3d&#8220; color=&#8220;juicy-pink&#8220; add_button=&#8220;left&#8220; btn_title=&#8220;Jetzt zugreifen!&#8220; btn_color=&#8220;sky&#8220; btn_link=&#8220;url:https%3A%2F%2Fwww.amazon.de%2Fgp%2Fproduct%2FB07T43DXZ9%2Fref%3Dseries_dp_rw_ca_2|||&#8220;][\/vc_cta][\/vc_column][\/vc_row][vc_row][vc_column][vc_cta h2=&#8220;Die Maske der Gewalt&#8220; style=&#8220;3d&#8220; color=&#8220;juicy-pink&#8220; add_button=&#8220;left&#8220; btn_title=&#8220;Jetzt lesen!&#8220; btn_link=&#8220;url:https%3A%2F%2Fwww.amazon.de%2FDie-Maske-Gewalt-Ein-Richard-Schwarz-Thriller-ebook%2Fdp%2FB07P2W1Q1P%2Fref%3Dtmm_kin_swatch_0%3F_encoding%3DUTF8%26qid%3D1613174309%26sr%3D8-2|||&#8220;][\/vc_cta][vc_cta h2=&#8220;Mein Amazon Autorenprofil&#8220; style=&#8220;3d&#8220; color=&#8220;juicy-pink&#8220; add_button=&#8220;left&#8220; btn_title=&#8220;Folge mir!&#8220; btn_color=&#8220;sky&#8220; btn_link=&#8220;url:https%3A%2F%2Fwww.amazon.de%2FJennifer-B-Wind%2Fe%2FB00A2PG5IY%2Fref%3Ddp_byline_cont_pop_ebooks_1|||&#8220;][\/vc_cta][vc_cta h2=&#8220;LAST CHRISTMAS &#8211; WEIHNACHTSNOVELLE&#8220; style=&#8220;3d&#8220; color=&#8220;white&#8220; add_button=&#8220;left&#8220; btn_title=&#8220;Hol dir das Ebook&#8220; btn_color=&#8220;danger&#8220; btn_link=&#8220;url:https%3A%2F%2Fwww.amazon.de%2Fgp%2Fproduct%2FB08M5ZNX4C%2Fref%3Ddbs_a_def_rwt_hsch_vapi_tkin_p1_i6|||&#8220;][\/vc_cta][vc_cta h2=&#8220;Literarischer Adventkalender der Ghostwriting Academy&#8220; h4=&#8220;Zum Vorlesen und Selbstlesen &#8211; Der Erl\u00f6s geht an Stream of Life.&#8220; style=&#8220;3d&#8220; color=&#8220;sandy-brown&#8220; add_button=&#8220;left&#8220; btn_title=&#8220;Jetzt bestellen!&#8220; btn_color=&#8220;black&#8220; btn_link=&#8220;url:https%3A%2F%2Fwww.mymorawa.com%2Fapp%2F%23%2Fbuchshop%2Fbook%2F9480ee81-ae19-4658-9e3f-e46be3c34e9e%3BbookType%3DPB|||&#8220;][\/vc_cta][\/vc_column][\/vc_row][vc_row][vc_column][\/vc_column][\/vc_row][vc_row][vc_column][\/vc_column][\/vc_row][vc_row][vc_column][vc_cta h2=&#8220;Zum Podcast Interview mit Dieter Aurass&#8220; h4=&#8220;Erfahre etwas \u00fcber meine Anf\u00e4nge als Autorin und mehr&#8230;&#8220; style=&#8220;3d&#8220; color=&#8220;vista-blue&#8220; add_button=&#8220;left&#8220; btn_title=&#8220;Jetzt anh\u00f6ren!&#8220; btn_color=&#8220;pink&#8220; btn_link=&#8220;url:https%3A%2F%2Fanchor.fm%2Fdieter-aurass%2Fepisodes%2FFolge-28&#8212;Interview-mit-Jennifer-B&#8211;Wind-ber-ihre-Anfnge-und-das-Schreiben-ganz-allgemein-eu3nnd||target:%20_blank|&#8220;][\/vc_cta][\/vc_column][\/vc_row][vc_row][vc_column][vc_cta h2=&#8220;Meine Facebook Fanseite&#8220; style=&#8220;3d&#8220; color=&#8220;vista-blue&#8220; add_button=&#8220;left&#8220; btn_title=&#8220;Folge mir!&#8220; btn_link=&#8220;url:https%3A%2F%2Fde-de.facebook.com%2Fjenniferbwind%2F|||&#8220;][\/vc_cta][\/vc_column][\/vc_row][vc_row][vc_column][vc_cta h2=&#8220;Meine Instagram Seite&#8220; style=&#8220;3d&#8220; color=&#8220;violet&#8220; add_button=&#8220;left&#8220; btn_title=&#8220;Folge mir!&#8220; btn_link=&#8220;url:https%3A%2F%2Fwww.instagram.com%2Fjenniferb.wind%2F%3Fhl%3Dde|||&#8220;][\/vc_cta][\/vc_column][\/vc_row][vc_row][vc_column][vc_cta h2=&#8220;PODCAST Buchmenschen erz\u00e4hlen&#8220; style=&#8220;3d&#8220; color=&#8220;green&#8220; add_button=&#8220;left&#8220; btn_title=&#8220;Jetzt reinh\u00f6ren&#8220; btn_color=&#8220;success&#8220; btn_link=&#8220;url:https%3A%2F%2Fheiditroi.me%2Fpodcast%2Fjenniferbwind|||&#8220;][\/vc_cta][\/vc_column][\/vc_row][vc_row][vc_column][\/vc_column][\/vc_row][vc_row][vc_column][vc_cta h2=&#8220;Mein Twitter Profil&#8220; style=&#8220;3d&#8220; color=&#8220;purple&#8220; add_button=&#8220;left&#8220; btn_title=&#8220;Folge mir!&#8220; btn_color=&#8220;violet&#8220; btn_link=&#8220;url:https%3A%2F%2Ftwitter.com%2Fjessica_hazard|||&#8220;][\/vc_cta][\/vc_column][\/vc_row][vc_row][vc_column][vc_cta h2=&#8220;Mein Youtube Kanal&#8220; style=&#8220;3d&#8220; color=&#8220;vista-blue&#8220; add_button=&#8220;left&#8220; btn_title=&#8220;Folge mir!&#8220; btn_color=&#8220;turquoise&#8220; btn_link=&#8220;url:https%3A%2F%2Fwww.youtube.com%2Fchannel%2FUCwKZP5E7svEJBN5XA2AHPTw|||&#8220;][\/vc_cta][\/vc_column][\/vc_row][vc_row][vc_column][vc_cta h2=&#8220;Radio Freistadt&#8220; style=&#8220;3d&#8220; color=&#8220;green&#8220; add_button=&#8220;left&#8220; btn_title=&#8220;Jetzt Sendungen anh\u00f6ren!&#8220; btn_link=&#8220;url:https%3A%2F%2Fcba.fro.at%2Fseries%2Faufhoeren%2Fpage%2F2%3Forderby%3Ddate%26search_series|||&#8220;][\/vc_cta][\/vc_column][\/vc_row][vc_row][vc_column][vc_cta h2=&#8220;Presseschnipsel&#8220; style=&#8220;3d&#8220; color=&#8220;sandy-brown&#8220; add_button=&#8220;left&#8220; btn_title=&#8220;Hier!&#8220; btn_link=&#8220;url:https%3A%2F%2Fwww.jennifer-b-wind.com%2Fwordpress-2019%2Fpresseartikel%2F|title:Presseartikel||&#8220;][\/vc_cta][\/vc_column][\/vc_row][vc_row][vc_column][vc_cta h2=&#8220;Interviews&#8220; style=&#8220;3d&#8220; color=&#8220;mulled-wine&#8220; add_button=&#8220;left&#8220; btn_title=&#8220;Jetzt lesen!&#8220; btn_link=&#8220;url:https%3A%2F%2Fwww.jennifer-b-wind.com%2Fwordpress-2019%2Fpresse-und-bloggerinterviews%2F|title:Presse-%20und%20Bloggerinterviews||&#8220;][\/vc_cta][\/vc_column][\/vc_row][vc_row][vc_column][vc_cta h2=&#8220;Impressum&#8220; style=&#8220;3d&#8220; color=&#8220;grey&#8220; add_button=&#8220;left&#8220; btn_title=&#8220;Impressum&#8220; btn_link=&#8220;url:https%3A%2F%2Fwww.jennifer-b-wind.com%2Fwordpress-2019%2Fimpressum%2F|title:IMPRESSUM||&#8220;][\/vc_cta][\/vc_column][\/vc_row][vc_row][vc_column][vc_cta h2=&#8220;Datenschutz&#8220; style=&#8220;3d&#8220; color=&#8220;grey&#8220; add_button=&#8220;left&#8220; btn_title=&#8220;Datenschutz&#8220; btn_link=&#8220;url:https%3A%2F%2Fwww.jennifer-b-wind.com%2Fwordpress-2019%2Fdatenschutz%2F|title:DATENSCHUTZ||&#8220;][\/vc_cta][\/vc_column][\/vc_row]<\/p>\n","protected":false},"excerpt":{"rendered":"<p>[vc_row equal_height=&#8220;yes&#8220; content_placement=&#8220;middle&#8220; css=&#8220;.vc_custom_1542014395452{background-color: #f4f3ec !important;}&#8220;][vc_column][gsf_space desktop=&#8220;68&#8243; tablet=&#8220;55&#8243; tablet_portrait=&#8220;50&#8243; mobile_landscape=&#8220;45&#8243; mobile=&#8220;40&#8243;][\/vc_column][vc_column width=&#8220;1\/2&#8243;][gsf_page_title font_container=&#8220;text_align:left|color:%23333333&#8243; title_font_size_md=&#8220;34&#8243; title_font_size_sm=&#8220;28&#8243; title_font_size_mb=&#8220;24&#8243;][\/vc_column][vc_column width=&#8220;1\/2&#8243;][gsf_breadcrumbs align=&#8220;text-right&#8220; el_class=&#8220;sm-text-left&#8220;][\/vc_column][vc_column][gsf_space desktop=&#8220;67&#8243; tablet=&#8220;55&#8243; tablet_portrait=&#8220;50&#8243; mobile_landscape=&#8220;45&#8243; mobile=&#8220;40&#8243;][vc_cta h2=&#8220;Zu meiner Webseite&#8220; style=&#8220;3d&#8220; color=&#8220;blue&#8220; add_button=&#8220;left&#8220; btn_title=&#8220;Home&#8220; btn_color=&#8220;black&#8220; btn_link=&#8220;url:http%3A%2F%2Fwww.jennifer-b-wind.com|||&#8220;][\/vc_cta][vc_cta h2=&#8220;zum Bookerfly WORKSHOP&#8220; style=&#8220;3d&#8220; color=&#8220;mulled-wine&#8220; add_button=&#8220;left&#8220; btn_title=&#8220;Jetzt anmelden!&#8220; btn_color=&#8220;warning&#8220; btn_size=&#8220;lg&#8220; btn_align=&#8220;left&#8220; btn_el_class=&#8220;&#8220; el_class=&#8220;&#8220; btn_link=&#8220;url:https%3A%2F%2Fbookerfly-workshop.lovable.app%2F||target:%20_blank|&#8220;]Spannungsaufbau bis zum H\u00f6hepunkt[\/vc_cta][vc_cta h2=&#8220;EVENTS, LESUNGEN; SIGNIERSTUNDEN&#8220; h4=&#8220;EVENTPAUSE ab [&hellip;]<\/p>\n","protected":false},"author":2,"featured_media":0,"parent":0,"menu_order":0,"comment_status":"closed","ping_status":"closed","template":"","meta":[],"_links":{"self":[{"href":"https:\/\/www.jennifer-b-wind.com\/wordpress-2019\/wp-json\/wp\/v2\/pages\/3132"}],"collection":[{"href":"https:\/\/www.jennifer-b-wind.com\/wordpress-2019\/wp-json\/wp\/v2\/pages"}],"about":[{"href":"https:\/\/www.jennifer-b-wind.com\/wordpress-2019\/wp-json\/wp\/v2\/types\/page"}],"author":[{"embeddable":true,"href":"https:\/\/www.jennifer-b-wind.com\/wordpress-2019\/wp-json\/wp\/v2\/users\/2"}],"replies":[{"embeddable":true,"href":"https:\/\/www.jennifer-b-wind.com\/wordpress-2019\/wp-json\/wp\/v2\/comments?post=3132"}],"version-history":[{"count":74,"href":"https:\/\/www.jennifer-b-wind.com\/wordpress-2019\/wp-json\/wp\/v2\/pages\/3132\/revisions"}],"predecessor-version":[{"id":4001,"href":"https:\/\/www.jennifer-b-wind.com\/wordpress-2019\/wp-json\/wp\/v2\/pages\/3132\/revisions\/4001"}],"wp:attachment":[{"href":"https:\/\/www.jennifer-b-wind.com\/wordpress-2019\/wp-json\/wp\/v2\/media?parent=3132"}],"curies":[{"name":"wp","href":"https:\/\/api.w.org\/{rel}","templated":true}]}}