{"id":3334,"date":"2021-12-24T15:02:49","date_gmt":"2021-12-24T14:02:49","guid":{"rendered":"https:\/\/www.jennifer-b-wind.com\/wordpress-2019\/?page_id=3334"},"modified":"2021-12-24T15:17:27","modified_gmt":"2021-12-24T14:17:27","slug":"mordslustige-geschichten","status":"publish","type":"page","link":"https:\/\/www.jennifer-b-wind.com\/wordpress-2019\/mordslustige-geschichten\/","title":{"rendered":"Mordslustige Geschichten"},"content":{"rendered":"<p>[vc_row equal_height=&#8220;yes&#8220; content_placement=&#8220;middle&#8220; css=&#8220;.vc_custom_1542014395452{background-color: #f4f3ec !important;}&#8220;][vc_column][gsf_space desktop=&#8220;68&#8243; tablet=&#8220;55&#8243; tablet_portrait=&#8220;50&#8243; mobile_landscape=&#8220;45&#8243; mobile=&#8220;40&#8243;][\/vc_column][vc_column width=&#8220;1\/2&#8243;][gsf_page_title font_container=&#8220;text_align:left|color:%23333333&#8243; title_font_size_md=&#8220;34&#8243; title_font_size_sm=&#8220;28&#8243; title_font_size_mb=&#8220;24&#8243;][\/vc_column][vc_column width=&#8220;1\/2&#8243;][gsf_breadcrumbs align=&#8220;text-right&#8220; el_class=&#8220;sm-text-left&#8220;][\/vc_column][vc_column][gsf_space desktop=&#8220;67&#8243; tablet=&#8220;55&#8243; tablet_portrait=&#8220;50&#8243; mobile_landscape=&#8220;45&#8243; mobile=&#8220;40&#8243;][\/vc_column][\/vc_row][vc_row][vc_column][vc_column_text]<\/p>\n<p>Wir mordslustigen Autor_innen haben gemeinsam wieder einen Kurzroman geschrieben, den wir als Adventkalender auf Instagram und Facebook gepostet haben. Jeden Tag konntet ihr ein Kapitel lesen, jeweils aus der Feder einer unserer Autor:innen. Hast du das verpasst? Keine Panik! Hier findest du sie komplett zum kostenlosen Download als Weihnachtsgeschenk.Viel Spa\u00df beim Lesen!<\/p>\n<p><a href=\"https:\/\/www.jennifer-b-wind.com\/wordpress-2019\/wp-content\/uploads\/2021\/12\/Der13.Patient_Download.pdf\">Der13.Patient_Download<\/a><\/p>\n<p><img class=\"ji94ytn4 d2edcug0 r9f5tntg r0294ipz\" src=\"https:\/\/scontent-vie1-1.xx.fbcdn.net\/v\/t39.30808-6\/269855672_10224021453757901_7353083805060880470_n.jpg?_nc_cat=110&amp;ccb=1-5&amp;_nc_sid=b9115d&amp;_nc_ohc=qIfQdwKNv1gAX9zmTZM&amp;_nc_oc=AQldOZEuj-ylpal2oFFrx9MHx7n0skQbggyTFs-TgTOE4L_u2ITeDz6VYsKFZqjVrqU&amp;_nc_ht=scontent-vie1-1.xx&amp;oh=00_AT_XLedCKmZdGGQzZ1NwAU2mET09weqFCM5VPDyIWlnwsw&amp;oe=61CB1026\" alt=\"Ist m\u00f6glicherweise ein Bild von Buch und Text\" data-visualcompletion=\"media-vc-image\" \/>[\/vc_column_text][\/vc_column][\/vc_row][vc_row][vc_column][vc_column_text]Hast du die gruselige Weihnachtsstory vom Vorjahr auch verpasst. Nat\u00fcrlich stellen wir diese auch gratis zur Verf\u00fcgung. Viel Spa\u00df beim Lesen!<\/p>\n<p><a href=\"https:\/\/www.jennifer-b-wind.com\/wordpress-2019\/wp-content\/uploads\/2021\/12\/SCARY-HOUSE_DieMordslustigen.pdf\">SCARY-HOUSE_DieMordslustigen<\/a><\/p>\n<p><img class=\"_26QnL\" draggable=\"false\" srcset=\"https:\/\/jimdo-storage.freetls.fastly.net\/image\/217970069\/28f0bbf2-f4e4-4b74-b420-ef3e71ca4043.jpg?format=pjpg&amp;quality=80&amp;auto=webp&amp;disable=upscale&amp;width=1024&amp;height=1024&amp;trim=0,0,0,0 1024w, https:\/\/jimdo-storage.freetls.fastly.net\/image\/217970069\/28f0bbf2-f4e4-4b74-b420-ef3e71ca4043.jpg?format=pjpg&amp;quality=80&amp;auto=webp&amp;disable=upscale&amp;width=800&amp;height=800&amp;trim=0,0,0,0 800w, https:\/\/jimdo-storage.freetls.fastly.net\/image\/217970069\/28f0bbf2-f4e4-4b74-b420-ef3e71ca4043.jpg?format=pjpg&amp;quality=80&amp;auto=webp&amp;disable=upscale&amp;width=640&amp;height=640&amp;trim=0,0,0,0 640w, https:\/\/jimdo-storage.freetls.fastly.net\/image\/217970069\/28f0bbf2-f4e4-4b74-b420-ef3e71ca4043.jpg?format=pjpg&amp;quality=80&amp;auto=webp&amp;disable=upscale&amp;width=480&amp;height=480&amp;trim=0,0,0,0 480w, https:\/\/jimdo-storage.freetls.fastly.net\/image\/217970069\/28f0bbf2-f4e4-4b74-b420-ef3e71ca4043.jpg?format=pjpg&amp;quality=80&amp;auto=webp&amp;disable=upscale&amp;width=320&amp;height=320&amp;trim=0,0,0,0 320w, https:\/\/jimdo-storage.freetls.fastly.net\/image\/217970069\/28f0bbf2-f4e4-4b74-b420-ef3e71ca4043.jpg?format=pjpg&amp;quality=80&amp;auto=webp&amp;disable=upscale&amp;width=160&amp;height=160&amp;trim=0,0,0,0 160w\" alt=\"\" \/>[\/vc_column_text][\/vc_column][\/vc_row]<\/p>\n","protected":false},"excerpt":{"rendered":"<p>[vc_row equal_height=&#8220;yes&#8220; content_placement=&#8220;middle&#8220; css=&#8220;.vc_custom_1542014395452{background-color: #f4f3ec !important;}&#8220;][vc_column][gsf_space desktop=&#8220;68&#8243; tablet=&#8220;55&#8243; tablet_portrait=&#8220;50&#8243; mobile_landscape=&#8220;45&#8243; mobile=&#8220;40&#8243;][\/vc_column][vc_column width=&#8220;1\/2&#8243;][gsf_page_title font_container=&#8220;text_align:left|color:%23333333&#8243; title_font_size_md=&#8220;34&#8243; title_font_size_sm=&#8220;28&#8243; title_font_size_mb=&#8220;24&#8243;][\/vc_column][vc_column width=&#8220;1\/2&#8243;][gsf_breadcrumbs align=&#8220;text-right&#8220; el_class=&#8220;sm-text-left&#8220;][\/vc_column][vc_column][gsf_space desktop=&#8220;67&#8243; tablet=&#8220;55&#8243; tablet_portrait=&#8220;50&#8243; mobile_landscape=&#8220;45&#8243; mobile=&#8220;40&#8243;][\/vc_column][\/vc_row][vc_row][vc_column][vc_column_text] Wir mordslustigen Autor_innen haben gemeinsam wieder einen Kurzroman geschrieben, den wir als Adventkalender auf Instagram und Facebook gepostet haben. Jeden Tag konntet ihr ein Kapitel lesen, jeweils aus der Feder einer [&hellip;]<\/p>\n","protected":false},"author":2,"featured_media":0,"parent":0,"menu_order":0,"comment_status":"closed","ping_status":"closed","template":"","meta":[],"_links":{"self":[{"href":"https:\/\/www.jennifer-b-wind.com\/wordpress-2019\/wp-json\/wp\/v2\/pages\/3334"}],"collection":[{"href":"https:\/\/www.jennifer-b-wind.com\/wordpress-2019\/wp-json\/wp\/v2\/pages"}],"about":[{"href":"https:\/\/www.jennifer-b-wind.com\/wordpress-2019\/wp-json\/wp\/v2\/types\/page"}],"author":[{"embeddable":true,"href":"https:\/\/www.jennifer-b-wind.com\/wordpress-2019\/wp-json\/wp\/v2\/users\/2"}],"replies":[{"embeddable":true,"href":"https:\/\/www.jennifer-b-wind.com\/wordpress-2019\/wp-json\/wp\/v2\/comments?post=3334"}],"version-history":[{"count":8,"href":"https:\/\/www.jennifer-b-wind.com\/wordpress-2019\/wp-json\/wp\/v2\/pages\/3334\/revisions"}],"predecessor-version":[{"id":3352,"href":"https:\/\/www.jennifer-b-wind.com\/wordpress-2019\/wp-json\/wp\/v2\/pages\/3334\/revisions\/3352"}],"wp:attachment":[{"href":"https:\/\/www.jennifer-b-wind.com\/wordpress-2019\/wp-json\/wp\/v2\/media?parent=3334"}],"curies":[{"name":"wp","href":"https:\/\/api.w.org\/{rel}","templated":true}]}}