{"id":3559,"date":"2022-06-02T13:47:30","date_gmt":"2022-06-02T11:47:30","guid":{"rendered":"https:\/\/www.jennifer-b-wind.com\/wordpress-2019\/?page_id=3559"},"modified":"2022-06-02T13:47:30","modified_gmt":"2022-06-02T11:47:30","slug":"toedlicher-schmerz-2","status":"publish","type":"page","link":"https:\/\/www.jennifer-b-wind.com\/wordpress-2019\/toedlicher-schmerz-2\/","title":{"rendered":"T\u00f6dlicher Schmerz"},"content":{"rendered":"<p>[vc_row equal_height=&#8220;yes&#8220; content_placement=&#8220;middle&#8220; css=&#8220;.vc_custom_1542014395452{background-color: #f4f3ec !important;}&#8220;][vc_column][gsf_space desktop=&#8220;68&#8243; tablet=&#8220;55&#8243; tablet_portrait=&#8220;50&#8243; mobile_landscape=&#8220;45&#8243; mobile=&#8220;40&#8243;][\/vc_column][vc_column width=&#8220;1\/2&#8243;][gsf_page_title font_container=&#8220;text_align:left|color:%23333333&#8243; title_font_size_md=&#8220;34&#8243; title_font_size_sm=&#8220;28&#8243; title_font_size_mb=&#8220;24&#8243;][\/vc_column][vc_column width=&#8220;1\/2&#8243;][gsf_breadcrumbs align=&#8220;text-right&#8220; el_class=&#8220;sm-text-left&#8220;][\/vc_column][vc_column][gsf_space desktop=&#8220;67&#8243; tablet=&#8220;55&#8243; tablet_portrait=&#8220;50&#8243; mobile_landscape=&#8220;45&#8243; mobile=&#8220;40&#8243;][\/vc_column][\/vc_row][vc_row][vc_column][vc_column_text]<\/p>\n<h3>Jetzt neu!!<\/h3>\n<h4>Rechtzeitig vor der Urlaubssaison gibts vier knackige Thrillersnacks im Sammelband.<\/h4>\n<p><a href=\"https:\/\/www.amazon.de\/gp\/product\/B0B2T4SFPM\/ref=dbs_a_def_rwt_hsch_vapi_tkin_p1_i1\"><img loading=\"lazy\" class=\"alignnone wp-image-3560\" src=\"https:\/\/www.jennifer-b-wind.com\/wordpress-2019\/wp-content\/uploads\/2022\/06\/Cover-T\u00f6dlicher-Schmerz-aufls\u00f6sung-gut-189x300.png\" alt=\"\" width=\"315\" height=\"501\" srcset=\"https:\/\/www.jennifer-b-wind.com\/wordpress-2019\/wp-content\/uploads\/2022\/06\/Cover-T\u00f6dlicher-Schmerz-aufls\u00f6sung-gut-189x300.png 189w, https:\/\/www.jennifer-b-wind.com\/wordpress-2019\/wp-content\/uploads\/2022\/06\/Cover-T\u00f6dlicher-Schmerz-aufls\u00f6sung-gut.png 562w\" sizes=\"(max-width: 315px) 100vw, 315px\" \/><\/a><\/p>\n<p>T\u00f6dlicher Schmerz &#8211; Vier abgr\u00fcndige Kurzkrimis!<\/p>\n<p>Denn wo Menschen leiden, lauert die Gewalt: \u00bbT\u00f6dlicher Schmerz\u00ab von Jennifer B. Wind vereint vier Kurzkrimis \u2013 jetzt als eBook bei dotbooks.<\/p>\n<p>Die Abgr\u00fcnde der menschlichen Seele \u2026 Auf einer einsamen Insel in Indonesien wacht Sarah mutterseelenallein am Strand auf. Ist ihrer Reisegruppe etwas zugesto\u00dfen \u2013 oder haben die anderen Sarah zur Hauptfigur eines grausamen Spiels gemacht? In \u00d6sterreich hofft Lydia dagegen, endlich den Schatten ihrer traumatischen Vergangenheit zu entkommen \u2013 doch ihr Peiniger wird nie aufh\u00f6ren, sie zu verfolgen \u2026 Warum musste in einem der sch\u00f6nsten Ski-Gebiete der Alpen der auf den ersten Blick so gesellige und freundliche Vereinsvorstand Karl sterben? Je tiefer der ermittelnde LKA-Kommissar in den Fall eintaucht, desto mehr wandelt sich das Bild des braven B\u00fcrgers zu einer Maske des Schreckens \u2026 Auf einer Insel hoch im Norden muss der junge Alarich, ausgesto\u00dfen von seiner Dorfgemeinschaft, ein einsames Leben f\u00fchren. Als in seiner N\u00e4he pl\u00f6tzlich zwei Morde geschehen, f\u00fcrchtet er um sein Leben. Aber wer wird ihm, dem verhassten Au\u00dfenseiter, eine helfende Hand reichen?<\/p>\n<p>Jetzt als eBook kaufen und genie\u00dfen: Der Sammelband \u00bbT\u00f6dlicher Schmerz\u00ab von Bestsellerautorin Jennifer B. Wind enth\u00e4lt die vier fesselnden Kurzkrimis \u00bbPistentod\u00ab, \u00bbEr darf dich nicht finden\u00ab, \u00bbT\u00f6dliche Weltreise\u00ab und \u00bbDer Inselfluch\u00ab. Wer liest, hat mehr vom Leben: dotbooks \u2013 der eBook-Verlag.<\/p>\n<p>&nbsp;<\/p>\n<h3>Hier geht es zur Leseprobe:<\/h3>\n<p>&nbsp;<\/p>\n<p><iframe loading=\"lazy\" style=\"max-width: 100%;\" src=\"https:\/\/lesen.amazon.de\/kp\/card?asin=B0B2T4SFPM&amp;preview=inline&amp;linkCode=kpe&amp;ref_=cm_sw_r_kb_dp_S3YN5N0CDFEE2JPBK8KB\" width=\"336\" height=\"550\" frameborder=\"0\" sandbox=\"allow-scripts allow-same-origin allow-popups\" allowfullscreen=\"allowfullscreen\"><\/iframe><\/p>\n<p>&nbsp;<\/p>\n<p>&nbsp;<\/p>\n<p>&nbsp;<\/p>\n<p>[\/vc_column_text][\/vc_column][\/vc_row]<\/p>\n","protected":false},"excerpt":{"rendered":"<p>[vc_row equal_height=&#8220;yes&#8220; content_placement=&#8220;middle&#8220; css=&#8220;.vc_custom_1542014395452{background-color: #f4f3ec !important;}&#8220;][vc_column][gsf_space desktop=&#8220;68&#8243; tablet=&#8220;55&#8243; tablet_portrait=&#8220;50&#8243; mobile_landscape=&#8220;45&#8243; mobile=&#8220;40&#8243;][\/vc_column][vc_column width=&#8220;1\/2&#8243;][gsf_page_title font_container=&#8220;text_align:left|color:%23333333&#8243; title_font_size_md=&#8220;34&#8243; title_font_size_sm=&#8220;28&#8243; title_font_size_mb=&#8220;24&#8243;][\/vc_column][vc_column width=&#8220;1\/2&#8243;][gsf_breadcrumbs align=&#8220;text-right&#8220; el_class=&#8220;sm-text-left&#8220;][\/vc_column][vc_column][gsf_space desktop=&#8220;67&#8243; tablet=&#8220;55&#8243; tablet_portrait=&#8220;50&#8243; mobile_landscape=&#8220;45&#8243; mobile=&#8220;40&#8243;][\/vc_column][\/vc_row][vc_row][vc_column][vc_column_text] Jetzt neu!! Rechtzeitig vor der Urlaubssaison gibts vier knackige Thrillersnacks im Sammelband. T\u00f6dlicher Schmerz &#8211; Vier abgr\u00fcndige Kurzkrimis! Denn wo Menschen leiden, lauert die Gewalt: \u00bbT\u00f6dlicher Schmerz\u00ab von Jennifer B. Wind [&hellip;]<\/p>\n","protected":false},"author":2,"featured_media":0,"parent":0,"menu_order":0,"comment_status":"closed","ping_status":"closed","template":"","meta":[],"_links":{"self":[{"href":"https:\/\/www.jennifer-b-wind.com\/wordpress-2019\/wp-json\/wp\/v2\/pages\/3559"}],"collection":[{"href":"https:\/\/www.jennifer-b-wind.com\/wordpress-2019\/wp-json\/wp\/v2\/pages"}],"about":[{"href":"https:\/\/www.jennifer-b-wind.com\/wordpress-2019\/wp-json\/wp\/v2\/types\/page"}],"author":[{"embeddable":true,"href":"https:\/\/www.jennifer-b-wind.com\/wordpress-2019\/wp-json\/wp\/v2\/users\/2"}],"replies":[{"embeddable":true,"href":"https:\/\/www.jennifer-b-wind.com\/wordpress-2019\/wp-json\/wp\/v2\/comments?post=3559"}],"version-history":[{"count":1,"href":"https:\/\/www.jennifer-b-wind.com\/wordpress-2019\/wp-json\/wp\/v2\/pages\/3559\/revisions"}],"predecessor-version":[{"id":3563,"href":"https:\/\/www.jennifer-b-wind.com\/wordpress-2019\/wp-json\/wp\/v2\/pages\/3559\/revisions\/3563"}],"wp:attachment":[{"href":"https:\/\/www.jennifer-b-wind.com\/wordpress-2019\/wp-json\/wp\/v2\/media?parent=3559"}],"curies":[{"name":"wp","href":"https:\/\/api.w.org\/{rel}","templated":true}]}}