{"id":3724,"date":"2023-08-07T22:00:28","date_gmt":"2023-08-07T20:00:28","guid":{"rendered":"https:\/\/www.jennifer-b-wind.com\/wordpress-2019\/?page_id=3724"},"modified":"2023-11-16T22:23:21","modified_gmt":"2023-11-16T21:23:21","slug":"wasserfallsturz","status":"publish","type":"page","link":"https:\/\/www.jennifer-b-wind.com\/wordpress-2019\/wasserfallsturz\/","title":{"rendered":"Wasserfallsturz"},"content":{"rendered":"<p>[vc_row equal_height=&#8220;yes&#8220; content_placement=&#8220;middle&#8220; css=&#8220;.vc_custom_1542014395452{background-color: #f4f3ec !important;}&#8220;][vc_column][gsf_space desktop=&#8220;68&#8243; tablet=&#8220;55&#8243; tablet_portrait=&#8220;50&#8243; mobile_landscape=&#8220;45&#8243; mobile=&#8220;40&#8243;][\/vc_column][vc_column width=&#8220;1\/2&#8243;][gsf_page_title font_container=&#8220;text_align:left|color:%23333333&#8243; title_font_size_md=&#8220;34&#8243; title_font_size_sm=&#8220;28&#8243; title_font_size_mb=&#8220;24&#8243;][\/vc_column][vc_column width=&#8220;1\/2&#8243;][gsf_breadcrumbs align=&#8220;text-right&#8220; el_class=&#8220;sm-text-left&#8220;][\/vc_column][vc_column][gsf_space desktop=&#8220;67&#8243; tablet=&#8220;55&#8243; tablet_portrait=&#8220;50&#8243; mobile_landscape=&#8220;45&#8243; mobile=&#8220;40&#8243;][\/vc_column][\/vc_row][vc_row][vc_column][vc_column_text el_class=&#8220;&#8220;]<\/p>\n<h3><strong>Jetzt auch als H\u00f6rbuch!!<\/strong><\/h3>\n<p><img loading=\"lazy\" class=\"aligncenter wp-image-3770 size-full\" src=\"https:\/\/www.jennifer-b-wind.com\/wordpress-2019\/wp-content\/uploads\/2023\/11\/wasserfallsturz-ein-murtal-krimi-mp3-sabine-menne.webp\" alt=\"\" width=\"600\" height=\"600\" srcset=\"https:\/\/www.jennifer-b-wind.com\/wordpress-2019\/wp-content\/uploads\/2023\/11\/wasserfallsturz-ein-murtal-krimi-mp3-sabine-menne.webp 600w, https:\/\/www.jennifer-b-wind.com\/wordpress-2019\/wp-content\/uploads\/2023\/11\/wasserfallsturz-ein-murtal-krimi-mp3-sabine-menne-300x300.webp 300w, https:\/\/www.jennifer-b-wind.com\/wordpress-2019\/wp-content\/uploads\/2023\/11\/wasserfallsturz-ein-murtal-krimi-mp3-sabine-menne-150x150.webp 150w\" sizes=\"(max-width: 600px) 100vw, 600px\" \/><\/p>\n<p><a href=\"http:\/\/https:\/\/www.thalia.at\/shop\/home\/artikeldetails\/A1068431016\"> <img loading=\"lazy\" class=\"alignnone wp-image-3680 size-full\" src=\"https:\/\/www.jennifer-b-wind.com\/wordpress-2019\/wp-content\/uploads\/2023\/07\/Wenn-die-Suenden-deiner-Vaeter-dich-einholen....1-scaled.jpg\" alt=\"\" width=\"2560\" height=\"1280\" srcset=\"https:\/\/www.jennifer-b-wind.com\/wordpress-2019\/wp-content\/uploads\/2023\/07\/Wenn-die-Suenden-deiner-Vaeter-dich-einholen....1-scaled.jpg 2560w, https:\/\/www.jennifer-b-wind.com\/wordpress-2019\/wp-content\/uploads\/2023\/07\/Wenn-die-Suenden-deiner-Vaeter-dich-einholen....1-300x150.jpg 300w, https:\/\/www.jennifer-b-wind.com\/wordpress-2019\/wp-content\/uploads\/2023\/07\/Wenn-die-Suenden-deiner-Vaeter-dich-einholen....1-1024x512.jpg 1024w, https:\/\/www.jennifer-b-wind.com\/wordpress-2019\/wp-content\/uploads\/2023\/07\/Wenn-die-Suenden-deiner-Vaeter-dich-einholen....1-768x384.jpg 768w, https:\/\/www.jennifer-b-wind.com\/wordpress-2019\/wp-content\/uploads\/2023\/07\/Wenn-die-Suenden-deiner-Vaeter-dich-einholen....1-1536x768.jpg 1536w, https:\/\/www.jennifer-b-wind.com\/wordpress-2019\/wp-content\/uploads\/2023\/07\/Wenn-die-Suenden-deiner-Vaeter-dich-einholen....1-2048x1024.jpg 2048w\" sizes=\"(max-width: 2560px) 100vw, 2560px\" \/><\/a><\/p>\n<p>&nbsp;<\/p>\n<h5>In wenigen Wochen ist es so weit und meine neue Serie mit der wundervollen Franziska (kurz Franzi) F\u00fcrst und ihren Partner Max J\u00e4ger kommt in alle Buchhandlungen!<\/h5>\n<h5>Du kannst das Buch jetzt schon \u00fcberall vorbestellen!!<\/h5>\n<p><span style=\"color: #0000ff;\"><strong>Darum geht es:<\/strong><\/span><\/p>\n<p>Alte Schuld \u2013 der erste Fall f\u00fcr Franzi F\u00fcrst<\/p>\n<p><em>Eine Murauer Lehrerin liegt seit einem Unfall beim G\u00fcnstner Wasserfall im Koma. Als sich die Hinweise auf einen Mordanschlag mehren, nimmt Ermittlerin Franzi F\u00fcrst die F\u00e4hrte auf.<\/em><\/p>\n<p>Franzi F\u00fcrst\u00a0<em class=\"element-background-basic-colors marker\" data-color=\"gelb-light\">hat<\/em> die Nase voll vom LKA und vom Wiener Gro\u00dfstadtleben. Nach ihrer Scheidung zieht die alleinerziehende Mutter in ihr Heimatdorf Sch\u00f6der zur\u00fcck und \u00fcbernimmt den Posten der Chefinspektorin im benachbarten Murau. Als sie h\u00f6rt, dass ihre ehemalige Volksschullehrerin seit einem mysteri\u00f6sen Sturz am G\u00fcnster Wasserfall im Koma liegt, stellt Franzi Nachforschungen zum Unfallgeschehen an. Schon bald verdichten sich die Hinweise auf ein Gewaltverbrechen. Und auch in Sch\u00f6der wird es immer ungem\u00fctlicher: ein Unbekannter schleicht nachts \u00fcber den Hof von Franzis Vater, schockierende Briefe und mysteri\u00f6se Graffitis versetzen die Dorfbewohner in Panik. Franzi steht vor einem R\u00e4tsel, bis sie auf eine Spur st\u00f6\u00dft, die weit in die Vergangenheit reicht \u2026<\/p>\n<p><strong>Ein fesselnder Kriminalroman \u00fcber Schuld, Freundschaft, Neid und sp\u00e4te Rache.<\/strong><\/p>\n<p>Bist du gespannt????<\/p>\n<p>Das Buch spielt dort wo ich aufgewachsen bin. Also liegt es mir sehr am Herzen und ich hoffe, dir gef\u00e4llt es. Diesmal f\u00fcr alle Leser*innen, die mal etwas ohne Serienkiller lesen wollen. \ud83d\ude42<\/p>\n<p>Das Cover ist wundersch\u00f6n. Es zeigt Murau und die alte historische Br\u00fccke und beides kommt nat\u00fcrlich im Buch vor. Au\u00dferdem hat das Buch einen Farbschnitt in diesem wunderbaren Wassergr\u00fcn! Ich freu mich schon so!!<\/p>\n<p><a href=\"http:\/\/Alte Schuld \u2013 der erste Fall f\u00fcr Franzi F\u00fcrst Eine Murauer Lehrerin liegt seit einem Unfall beim G\u00fcnstner Wasserfall im Koma. Als sich die Hinweise auf einen Mordanschlag mehren, nimmt Ermittlerin Franzi F\u00fcrst die F\u00e4hrte auf. Franzi F\u00fcrst hat die Nase voll vom LKA und vom Wiener Gro\u00dfstadtleben. Nach ihrer Scheidung zieht die alleinerziehende Mutter in ihr Heimatdorf Sch\u00f6der zur\u00fcck und \u00fcbernimmt den Posten der Chefinspektorin im benachbarten Murau. Als sie h\u00f6rt, dass ihre ehemalige Volksschullehrerin seit einem mysteri\u00f6sen Sturz am G\u00fcnstner Wasserfall im Koma liegt, stellt Franzi Nachforschungen zum Unfallgeschehen an. Schon bald verdichten sich die Hinweise auf ein Gewaltverbrechen. Und auch in Sch\u00f6der wird es immer ungem\u00fctlicher: ein Unbekannter schleicht nachts \u00fcber den Hof von Franzis Vater, schockierende Briefe und mysteri\u00f6se Graffitis versetzen die Dorfbewohner in Panik. Franzi steht vor einem R\u00e4tsel, bis sie auf eine Spur st\u00f6\u00dft, die weit in die Vergangenheit reicht \u2026 Ein fesselnder Kriminalroman \u00fcber Schuld, Freundschaft, Neid und sp\u00e4te Rache.\"><img loading=\"lazy\" class=\"alignnone wp-image-3725 size-full\" src=\"https:\/\/www.jennifer-b-wind.com\/wordpress-2019\/wp-content\/uploads\/2023\/08\/wind-wasserfallsturz-300dpi-rgb.jpg\" alt=\"\" width=\"1606\" height=\"2421\" srcset=\"https:\/\/www.jennifer-b-wind.com\/wordpress-2019\/wp-content\/uploads\/2023\/08\/wind-wasserfallsturz-300dpi-rgb.jpg 1606w, https:\/\/www.jennifer-b-wind.com\/wordpress-2019\/wp-content\/uploads\/2023\/08\/wind-wasserfallsturz-300dpi-rgb-199x300.jpg 199w, https:\/\/www.jennifer-b-wind.com\/wordpress-2019\/wp-content\/uploads\/2023\/08\/wind-wasserfallsturz-300dpi-rgb-679x1024.jpg 679w, https:\/\/www.jennifer-b-wind.com\/wordpress-2019\/wp-content\/uploads\/2023\/08\/wind-wasserfallsturz-300dpi-rgb-768x1158.jpg 768w, https:\/\/www.jennifer-b-wind.com\/wordpress-2019\/wp-content\/uploads\/2023\/08\/wind-wasserfallsturz-300dpi-rgb-1019x1536.jpg 1019w, https:\/\/www.jennifer-b-wind.com\/wordpress-2019\/wp-content\/uploads\/2023\/08\/wind-wasserfallsturz-300dpi-rgb-1359x2048.jpg 1359w\" sizes=\"(max-width: 1606px) 100vw, 1606px\" \/><\/a>[\/vc_column_text][\/vc_column][\/vc_row]<\/p>\n","protected":false},"excerpt":{"rendered":"<p>[vc_row equal_height=&#8220;yes&#8220; content_placement=&#8220;middle&#8220; css=&#8220;.vc_custom_1542014395452{background-color: #f4f3ec !important;}&#8220;][vc_column][gsf_space desktop=&#8220;68&#8243; tablet=&#8220;55&#8243; tablet_portrait=&#8220;50&#8243; mobile_landscape=&#8220;45&#8243; mobile=&#8220;40&#8243;][\/vc_column][vc_column width=&#8220;1\/2&#8243;][gsf_page_title font_container=&#8220;text_align:left|color:%23333333&#8243; title_font_size_md=&#8220;34&#8243; title_font_size_sm=&#8220;28&#8243; title_font_size_mb=&#8220;24&#8243;][\/vc_column][vc_column width=&#8220;1\/2&#8243;][gsf_breadcrumbs align=&#8220;text-right&#8220; el_class=&#8220;sm-text-left&#8220;][\/vc_column][vc_column][gsf_space desktop=&#8220;67&#8243; tablet=&#8220;55&#8243; tablet_portrait=&#8220;50&#8243; mobile_landscape=&#8220;45&#8243; mobile=&#8220;40&#8243;][\/vc_column][\/vc_row][vc_row][vc_column][vc_column_text el_class=&#8220;&#8220;] Jetzt auch als H\u00f6rbuch!! &nbsp; In wenigen Wochen ist es so weit und meine neue Serie mit der wundervollen Franziska (kurz Franzi) F\u00fcrst und ihren Partner Max J\u00e4ger kommt in [&hellip;]<\/p>\n","protected":false},"author":2,"featured_media":0,"parent":0,"menu_order":0,"comment_status":"closed","ping_status":"closed","template":"","meta":[],"_links":{"self":[{"href":"https:\/\/www.jennifer-b-wind.com\/wordpress-2019\/wp-json\/wp\/v2\/pages\/3724"}],"collection":[{"href":"https:\/\/www.jennifer-b-wind.com\/wordpress-2019\/wp-json\/wp\/v2\/pages"}],"about":[{"href":"https:\/\/www.jennifer-b-wind.com\/wordpress-2019\/wp-json\/wp\/v2\/types\/page"}],"author":[{"embeddable":true,"href":"https:\/\/www.jennifer-b-wind.com\/wordpress-2019\/wp-json\/wp\/v2\/users\/2"}],"replies":[{"embeddable":true,"href":"https:\/\/www.jennifer-b-wind.com\/wordpress-2019\/wp-json\/wp\/v2\/comments?post=3724"}],"version-history":[{"count":2,"href":"https:\/\/www.jennifer-b-wind.com\/wordpress-2019\/wp-json\/wp\/v2\/pages\/3724\/revisions"}],"predecessor-version":[{"id":3771,"href":"https:\/\/www.jennifer-b-wind.com\/wordpress-2019\/wp-json\/wp\/v2\/pages\/3724\/revisions\/3771"}],"wp:attachment":[{"href":"https:\/\/www.jennifer-b-wind.com\/wordpress-2019\/wp-json\/wp\/v2\/media?parent=3724"}],"curies":[{"name":"wp","href":"https:\/\/api.w.org\/{rel}","templated":true}]}}