{"id":3846,"date":"2025-02-10T16:46:26","date_gmt":"2025-02-10T15:46:26","guid":{"rendered":"https:\/\/www.jennifer-b-wind.com\/wordpress-2019\/?page_id=3846"},"modified":"2026-03-03T21:08:15","modified_gmt":"2026-03-03T20:08:15","slug":"jaane-janssen","status":"publish","type":"page","link":"https:\/\/www.jennifer-b-wind.com\/wordpress-2019\/jaane-janssen\/","title":{"rendered":"JAANE JANSSEN"},"content":{"rendered":"<p>[vc_row color_skin=&#8220;skin-dark&#8220; css=&#8220;.vc_custom_1739203360625{background-image: url(https:\/\/www.jennifer-b-wind.com\/wordpress-2019\/wp-content\/uploads\/2025\/02\/Design-ohne-Titel-9.png?id=3861) !important;background-position: center !important;background-repeat: no-repeat !important;background-size: cover !important;}&#8220;][vc_column][gsf_heading title=&#8220;SkFBTkUlMjBKQU5TU0VO&#8220; title_color=&#8220;#ffffff&#8220; title_font_size=&#8220;100|80|60|48|40&#8243; sub_title_font_size=&#8220;18&#8243; el_class=&#8220;heading-border-bottom,mg-bottom-25&#8243;][vc_column_text el_class=&#8220;mg-bottom-50&#8243;]<\/p>\n<ul class=\"author-jobs\">\n<li>Autorin<\/li>\n<li>Romantisch &#8211; Leidenschaftlich &#8211; Dramatisch &#8211; Historisch<\/li>\n<\/ul>\n<p>[\/vc_column_text][\/vc_column][vc_column width=&#8220;5\/6&#8243; offset=&#8220;vc_col-lg-offset-3 vc_col-lg-6 vc_col-md-offset-2 vc_col-md-8 vc_col-sm-offset-1&#8243;][gsf_partners items=&#8220;2&#8243; is_slider=&#8220;on&#8220; opacity=&#8220;100&#8243; items_md=&#8220;4&#8243; items_sm=&#8220;4&#8243; items_xs=&#8220;3&#8243; items_mb=&#8220;2&#8243; partners=&#8220;%5B%7B%22image%22%3A%22236%22%2C%22link%22%3A%22url%3A%2523%7C%7C%7C%22%7D%2C%7B%22image%22%3A%22294%22%2C%22link%22%3A%22url%3A%2523%7C%7C%7C%22%7D%5D&#8220;][gsf_space desktop=&#8220;104&#8243; tablet=&#8220;80&#8243; tablet_portrait=&#8220;70&#8243; mobile_landscape=&#8220;60&#8243; mobile=&#8220;60&#8243;][\/vc_column][vc_column el_class=&#8220;md-mg-bottom-40&#8243; offset=&#8220;vc_col-md-4&#8243;][gsf_heading layout_style=&#8220;style-3&#8243; text_align=&#8220;text-left justify-content-start&#8220; title_color=&#8220;#ffffff&#8220; title_font_size=&#8220;48||40|34|30&#8243; title_line_height=&#8220;1.33|em&#8220; sub_title_font_size=&#8220;18&#8243; sub_title_use_theme_fonts=&#8220;&#8220; el_class=&#8220;mg-top-40&#8243; sub_title=&#8220;ABOUT ME&#8220; css=&#8220;.vc_custom_1739203197201{margin-bottom: 21px !important;}&#8220;][vc_column_text css=&#8220;.vc_custom_1739202281740{margin-bottom: 38px !important;}&#8220;]<\/p>\n<p class=\"fs-15\" style=\"max-width: 330px;\">Du liebst spannende Sagas mit authentischen Figuren und interessanten Familiengeheimnissen, romantischen Verwicklungen vor einem realen historischen Hintergrund? Dann bist du hier richtig!<\/p>\n<p>Die Ostfriesland-Saga entf\u00fchrt dich in das 18. Jahrhundert!<\/p>\n<p>Erlebe eine mitrei\u00dfende Saga um die Frau eines Walf\u00e4ngers und ihre Sehnsucht nach einem besseren Leben!<\/p>\n<p>Borkum, 1775: Klaglos bew\u00e4ltigt die junge Friesin Sventje das harte Leben auf der Insel, oft monatelang allein, w\u00e4hrend ihr Ehemann als Walf\u00e4nger auf See ist. Sie hofft, dass Lian es zur Geburt ihres vierten Kindes diesmal rechtzeitig nach Borkum schafft.<\/p>\n<p>Hilfe bekommt sie nur vom Gutsherrn Valentin von Halversberg, der stets im richtigen Augenblick zur Stelle ist. Mit aller Macht bek\u00e4mpft Sventje ihre verwirrenden, nicht standesgem\u00e4\u00dfen Gef\u00fchle f\u00fcr den verschlossenen Einzelg\u00e4nger. Welten trennen sie voneinander, aber in Sventje brennt eine Sehnsucht nach einem anderen, besseren Leben, das ihr bisher verwehrt blieb \u2026[\/vc_column_text][\/vc_column][vc_column el_class=&#8220;sm-mg-bottom-40&#8243; width=&#8220;1\/2&#8243; offset=&#8220;vc_col-md-4&#8243;][vc_single_image image=&#8220;3855&#8243; img_size=&#8220;full&#8220;][vc_cta h2=&#8220;&#8220; color=&#8220;sky&#8220; add_button=&#8220;left&#8220; btn_title=&#8220;Hier geht es zum Buch&#8220; btn_link=&#8220;url:https%3A%2F%2Fwww.amazon.de%2FDie-Spur-Sehnsucht-Ostfriesland-Saga-ebook%2Fdp%2FB0D2J4TY1F%2Fref%3Dtmm_kin_swatch_0%3F_encoding%3DUTF8%26sr%3D|||&#8220; css=&#8220;.vc_custom_1756327289080{background-color: #14abbc !important;}&#8220;]\u00dcberall im Handel!<\/p>\n<p>Als Taschenbuch, Ebook und H\u00f6rbuch bei Audible![\/vc_cta][\/vc_column][vc_column el_class=&#8220;mg-top-55,md-mg-top-0&#8243; width=&#8220;1\/2&#8243; offset=&#8220;vc_col-md-4&#8243;][vc_column_text]<\/p>\n<div class=\"author-quote\" style=\"border: 2px solid rgba(255,255,255,0.3); padding: 55px 15px 18px 15px;\">\n<p class=\"fs-24 text-italic text-center primary-font primary-color\" style=\"line-height: 2;\">\u201cWas f\u00fcr ein packender, top recherchierter Roman! Ich bin nur so durch die Seiten geflogen und habe mit den Figuren gelebt, geliebt, gelitten. Klasse!\u201d \u2013 Ellin Carsta.<img loading=\"lazy\" class=\"aligncenter wp-image-408\" src=\"https:\/\/auteur.g5plus.net\/wp-content\/uploads\/2018\/11\/single-image-12-300x203.png\" alt=\"\" width=\"106\" height=\"72\" \/><\/p>\n<\/div>\n<p>[\/vc_column_text][\/vc_column][vc_column][gsf_space desktop=&#8220;132&#8243; tablet=&#8220;110&#8243; tablet_portrait=&#8220;90&#8243; mobile_landscape=&#8220;80&#8243; mobile=&#8220;70&#8243;][vc_column_text el_class=&#8220;&#8220;]<\/p>\n<h5>Jetzt beide B\u00e4nde im KINDLE DEAL als Ebook:<\/h5>\n<h5><\/h5>\n<h5>PRESSEINFORMATIONEN:<\/h5>\n<p>Laden Sie sich hier gern das PDF mit allen Informationen herunter:<\/p>\n<h5><a href=\"https:\/\/www.jennifer-b-wind.com\/wordpress-2019\/wp-content\/uploads\/2025\/08\/Pressetext SAGA.pdf\">Pressetext Saga<\/a><\/h5>\n<h5>BAND 2 ist da!! Ebenfalls als Taschenbuch, Ebook und H\u00f6rbuch!!<\/h5>\n<p>&nbsp;<\/p>\n<p><a href=\"https:\/\/amzn.eu\/d\/ePEU3d7\"><img loading=\"lazy\" class=\"alignnone wp-image-3909 size-full\" src=\"https:\/\/www.jennifer-b-wind.com\/wordpress-2019\/wp-content\/uploads\/2025\/08\/0123_DE_NR_Janssen_DerRufDesHorizonts_1200x1200_FB-Link-Ad-1.jpg\" alt=\"\" width=\"1200\" height=\"1200\" srcset=\"https:\/\/www.jennifer-b-wind.com\/wordpress-2019\/wp-content\/uploads\/2025\/08\/0123_DE_NR_Janssen_DerRufDesHorizonts_1200x1200_FB-Link-Ad-1.jpg 1200w, https:\/\/www.jennifer-b-wind.com\/wordpress-2019\/wp-content\/uploads\/2025\/08\/0123_DE_NR_Janssen_DerRufDesHorizonts_1200x1200_FB-Link-Ad-1-300x300.jpg 300w, https:\/\/www.jennifer-b-wind.com\/wordpress-2019\/wp-content\/uploads\/2025\/08\/0123_DE_NR_Janssen_DerRufDesHorizonts_1200x1200_FB-Link-Ad-1-1024x1024.jpg 1024w, https:\/\/www.jennifer-b-wind.com\/wordpress-2019\/wp-content\/uploads\/2025\/08\/0123_DE_NR_Janssen_DerRufDesHorizonts_1200x1200_FB-Link-Ad-1-150x150.jpg 150w, https:\/\/www.jennifer-b-wind.com\/wordpress-2019\/wp-content\/uploads\/2025\/08\/0123_DE_NR_Janssen_DerRufDesHorizonts_1200x1200_FB-Link-Ad-1-768x768.jpg 768w\" sizes=\"(max-width: 1200px) 100vw, 1200px\" \/>\u00a0\u00a0<\/a><\/p>\n<p><span class=\"a-text-bold\">Die gro\u00dfe Ostfriesland-Saga geht weiter: Die bewegende Geschichte einer starken Frau, das Geheimnis ihrer Herkunft und die gro\u00dfe Liebe im 18. Jahrhundert<\/span><\/p>\n<p>Borkum, 1780: Sventje hat sich als Seifensiederin einen Namen gemacht. Ihre duftenden Kreationen sichern das \u00dcberleben ihrer Familie, doch ihr wachsender Erfolg weckt Neid und Missgunst unter ihren Nachbarn. Der Bader der Insel, der um seine Stellung f\u00fcrchtet, hetzt die Dorfgemeinschaft gegen sie auf. Auch der einflussreiche Gutsherr Valentin von Halversberg h\u00e4lt sich von ihr fern, trotz der unterschwelligen Anziehung zwischen ihnen.<\/p>\n<p>Als Sventjes Ziehmutter gemeinsam mit der Hebamme Fenna die Insel besucht, kommen lang geh\u00fctete Familiengeheimnisse ans Licht. Die Vers\u00f6hnung wird jedoch vom Ausbruch eines Krieges \u00fcberschattet. W\u00e4hrend die Insulaner unter Entbehrungen leiden, Borkumer Walf\u00e4nger in Gefangenschaft geraten und Sventje zur Zielscheibe abergl\u00e4ubischer Anschuldigungen wird, riskiert Valentin alles, um zu helfen.[\/vc_column_text][\/vc_column][\/vc_row][vc_row][vc_column][gsf_testimonials layout_style=&#8220;style-04&#8243; values=&#8220;%5B%7B%7D%5D&#8220;][\/vc_column][\/vc_row][vc_row][vc_column][vc_column_text]<a href=\"https:\/\/amzn.eu\/d\/bjaHEar\"><img loading=\"lazy\" class=\"alignnone wp-image-3863 size-full\" src=\"https:\/\/www.jennifer-b-wind.com\/wordpress-2019\/wp-content\/uploads\/2025\/02\/0123_DE_NR_Janssen_DieSpurDerSehnsucht_1200x1200_FB-Link-Ad-1.jpg\" alt=\"\" width=\"1200\" height=\"1200\" srcset=\"https:\/\/www.jennifer-b-wind.com\/wordpress-2019\/wp-content\/uploads\/2025\/02\/0123_DE_NR_Janssen_DieSpurDerSehnsucht_1200x1200_FB-Link-Ad-1.jpg 1200w, https:\/\/www.jennifer-b-wind.com\/wordpress-2019\/wp-content\/uploads\/2025\/02\/0123_DE_NR_Janssen_DieSpurDerSehnsucht_1200x1200_FB-Link-Ad-1-300x300.jpg 300w, https:\/\/www.jennifer-b-wind.com\/wordpress-2019\/wp-content\/uploads\/2025\/02\/0123_DE_NR_Janssen_DieSpurDerSehnsucht_1200x1200_FB-Link-Ad-1-1024x1024.jpg 1024w, https:\/\/www.jennifer-b-wind.com\/wordpress-2019\/wp-content\/uploads\/2025\/02\/0123_DE_NR_Janssen_DieSpurDerSehnsucht_1200x1200_FB-Link-Ad-1-150x150.jpg 150w, https:\/\/www.jennifer-b-wind.com\/wordpress-2019\/wp-content\/uploads\/2025\/02\/0123_DE_NR_Janssen_DieSpurDerSehnsucht_1200x1200_FB-Link-Ad-1-768x768.jpg 768w\" sizes=\"(max-width: 1200px) 100vw, 1200px\" \/><\/a><\/p>\n<p><span class=\"a-text-bold\">\u201cWas f\u00fcr ein packender, top recherchierter Roman! Ich bin nur so durch die Seiten geflogen und habe mit den Figuren gelebt, geliebt, gelitten. Klasse!\u201d \u2013 Ellin Carsta<\/span><\/p>\n<p><strong><span class=\"a-text-bold\">Ostfriesland im 18. Jahrhundert: eine mitrei\u00dfende Saga um die Frau eines Walf\u00e4ngers und ihre Sehnsucht nach einem besseren Leben<\/span><\/strong><\/p>\n<p>Borkum, 1775: Klaglos bew\u00e4ltigt die junge Friesin Sventje das harte Leben auf der Insel, oft monatelang allein, w\u00e4hrend ihr Ehemann als Walf\u00e4nger auf See ist. Sie hofft, dass Lian es zur Geburt ihres vierten Kindes diesmal rechtzeitig nach Borkum schafft.<\/p>\n<p>Hilfe bekommt sie nur vom Gutsherrn Valentin von Halversberg, der stets im richtigen Augenblick zur Stelle ist. Mit aller Macht bek\u00e4mpft Sventje ihre verwirrenden, nicht standesgem\u00e4\u00dfen Gef\u00fchle f\u00fcr den verschlossenen Einzelg\u00e4nger. Welten trennen sie voneinander, aber in Sventje brennt eine Sehnsucht nach einem anderen, besseren Leben, das ihr bisher verwehrt blieb \u2026<\/p>\n<p>&nbsp;<\/p>\n<p><img loading=\"lazy\" class=\"alignnone wp-image-3977 size-large\" src=\"https:\/\/www.jennifer-b-wind.com\/wordpress-2019\/wp-content\/uploads\/2026\/02\/Eine-starke-Heldin-und-ein-bewegendes-Schicksal-4-819x1024.png\" alt=\"\" width=\"819\" height=\"1024\" srcset=\"https:\/\/www.jennifer-b-wind.com\/wordpress-2019\/wp-content\/uploads\/2026\/02\/Eine-starke-Heldin-und-ein-bewegendes-Schicksal-4-819x1024.png 819w, https:\/\/www.jennifer-b-wind.com\/wordpress-2019\/wp-content\/uploads\/2026\/02\/Eine-starke-Heldin-und-ein-bewegendes-Schicksal-4-240x300.png 240w, https:\/\/www.jennifer-b-wind.com\/wordpress-2019\/wp-content\/uploads\/2026\/02\/Eine-starke-Heldin-und-ein-bewegendes-Schicksal-4-768x960.png 768w, https:\/\/www.jennifer-b-wind.com\/wordpress-2019\/wp-content\/uploads\/2026\/02\/Eine-starke-Heldin-und-ein-bewegendes-Schicksal-4.png 1080w\" sizes=\"(max-width: 819px) 100vw, 819px\" \/><img loading=\"lazy\" class=\"alignnone wp-image-3978 size-large\" src=\"https:\/\/www.jennifer-b-wind.com\/wordpress-2019\/wp-content\/uploads\/2026\/02\/Eine-starke-Heldin-und-ein-bewegendes-Schicksal-3-819x1024.png\" alt=\"\" width=\"819\" height=\"1024\" srcset=\"https:\/\/www.jennifer-b-wind.com\/wordpress-2019\/wp-content\/uploads\/2026\/02\/Eine-starke-Heldin-und-ein-bewegendes-Schicksal-3-819x1024.png 819w, https:\/\/www.jennifer-b-wind.com\/wordpress-2019\/wp-content\/uploads\/2026\/02\/Eine-starke-Heldin-und-ein-bewegendes-Schicksal-3-240x300.png 240w, https:\/\/www.jennifer-b-wind.com\/wordpress-2019\/wp-content\/uploads\/2026\/02\/Eine-starke-Heldin-und-ein-bewegendes-Schicksal-3-768x960.png 768w, https:\/\/www.jennifer-b-wind.com\/wordpress-2019\/wp-content\/uploads\/2026\/02\/Eine-starke-Heldin-und-ein-bewegendes-Schicksal-3.png 1080w\" sizes=\"(max-width: 819px) 100vw, 819px\" \/><img loading=\"lazy\" class=\"alignnone wp-image-3979 size-large\" src=\"https:\/\/www.jennifer-b-wind.com\/wordpress-2019\/wp-content\/uploads\/2026\/02\/Eine-starke-Heldin-und-ein-bewegendes-Schicksal-2-819x1024.png\" alt=\"\" width=\"819\" height=\"1024\" srcset=\"https:\/\/www.jennifer-b-wind.com\/wordpress-2019\/wp-content\/uploads\/2026\/02\/Eine-starke-Heldin-und-ein-bewegendes-Schicksal-2-819x1024.png 819w, https:\/\/www.jennifer-b-wind.com\/wordpress-2019\/wp-content\/uploads\/2026\/02\/Eine-starke-Heldin-und-ein-bewegendes-Schicksal-2-240x300.png 240w, https:\/\/www.jennifer-b-wind.com\/wordpress-2019\/wp-content\/uploads\/2026\/02\/Eine-starke-Heldin-und-ein-bewegendes-Schicksal-2-768x960.png 768w, https:\/\/www.jennifer-b-wind.com\/wordpress-2019\/wp-content\/uploads\/2026\/02\/Eine-starke-Heldin-und-ein-bewegendes-Schicksal-2.png 1080w\" sizes=\"(max-width: 819px) 100vw, 819px\" \/><img loading=\"lazy\" class=\"alignnone wp-image-3980 size-large\" src=\"https:\/\/www.jennifer-b-wind.com\/wordpress-2019\/wp-content\/uploads\/2026\/02\/Eine-starke-Heldin-und-ein-bewegendes-Schicksal-1-819x1024.png\" alt=\"\" width=\"819\" height=\"1024\" srcset=\"https:\/\/www.jennifer-b-wind.com\/wordpress-2019\/wp-content\/uploads\/2026\/02\/Eine-starke-Heldin-und-ein-bewegendes-Schicksal-1-819x1024.png 819w, https:\/\/www.jennifer-b-wind.com\/wordpress-2019\/wp-content\/uploads\/2026\/02\/Eine-starke-Heldin-und-ein-bewegendes-Schicksal-1-240x300.png 240w, https:\/\/www.jennifer-b-wind.com\/wordpress-2019\/wp-content\/uploads\/2026\/02\/Eine-starke-Heldin-und-ein-bewegendes-Schicksal-1-768x960.png 768w, https:\/\/www.jennifer-b-wind.com\/wordpress-2019\/wp-content\/uploads\/2026\/02\/Eine-starke-Heldin-und-ein-bewegendes-Schicksal-1.png 1080w\" sizes=\"(max-width: 819px) 100vw, 819px\" \/>[\/vc_column_text][\/vc_column][\/vc_row][vc_row][vc_column][vc_column_text]&nbsp;<\/p>\n<p>&nbsp;<\/p>\n<h5>VITA:<\/h5>\n<p>Jaane Janssen ist das Pseudonym einer deutschsprachigen Bestsellerautorin, die vor allem f\u00fcr Spannungsliteratur bekannt ist. Jaane Janssen liebt das Meer und ist als zertifizierte PADI-Taucherin oft dort anzutreffen. Sie ist seit ihrer Kindheit an Historischem und der Schifffahrt interessiert und segelt gern. An H\u00e4fen kann sie deshalb grunds\u00e4tzlich nicht vorbeigehen, ohne sich die Schiffe und Segelboote genauer anzusehen. Au\u00dfer zu den nordischen Gebieten zieht es sie auch nach Asien. In ihrer Freizeit schreibt sie Songs, macht gern aktiv Musik, liest viel und weint regelm\u00e4\u00dfig bei koreanischen Dramaserien.<\/p>\n<p>\u00bbDie Spur der Sehnsucht\u00ab ist der Auftakt zu der bewegenden \u00bbOstfriesland-Saga\u00ab.<\/p>\n<p>Das Buch stand in den Top 20 der BILD BESTSELLER Liste, war ein Monat lang in den Top 20 der Kindle Charts (und ist immer noch in den Top 100) und wurde zum Buch des Monats November auf LESERKANONE nominiert.<\/p>\n<p>Band 2 der bewegenden Saga mit dem Titel &#8222;Der Ruf des Horizonts&#8220; ist im Mai 2025 erschienen.<\/p>\n<p>Beide H\u00f6rb\u00fccher gibt es exklusiv bei audible.<\/p>\n<p>&nbsp;<\/p>\n<p>Die Autorin ist auf Instagram unter @die-ostfriesland-saga zu finden.<\/p>\n<p>&nbsp;<\/p>\n<p><img loading=\"lazy\" class=\"alignnone wp-image-3847 size-full\" src=\"https:\/\/www.jennifer-b-wind.com\/wordpress-2019\/wp-content\/uploads\/2025\/02\/Design-ohne-Titel_20241025_162630_0000.png\" alt=\"\" width=\"1755\" height=\"1755\" srcset=\"https:\/\/www.jennifer-b-wind.com\/wordpress-2019\/wp-content\/uploads\/2025\/02\/Design-ohne-Titel_20241025_162630_0000.png 1755w, https:\/\/www.jennifer-b-wind.com\/wordpress-2019\/wp-content\/uploads\/2025\/02\/Design-ohne-Titel_20241025_162630_0000-300x300.png 300w, https:\/\/www.jennifer-b-wind.com\/wordpress-2019\/wp-content\/uploads\/2025\/02\/Design-ohne-Titel_20241025_162630_0000-1024x1024.png 1024w, https:\/\/www.jennifer-b-wind.com\/wordpress-2019\/wp-content\/uploads\/2025\/02\/Design-ohne-Titel_20241025_162630_0000-150x150.png 150w, https:\/\/www.jennifer-b-wind.com\/wordpress-2019\/wp-content\/uploads\/2025\/02\/Design-ohne-Titel_20241025_162630_0000-768x768.png 768w, https:\/\/www.jennifer-b-wind.com\/wordpress-2019\/wp-content\/uploads\/2025\/02\/Design-ohne-Titel_20241025_162630_0000-1536x1536.png 1536w\" sizes=\"(max-width: 1755px) 100vw, 1755px\" \/>(rechtefreies Foto, das Sie gern verwenden d\u00fcrfen.)[\/vc_column_text][\/vc_column][\/vc_row]<\/p>\n","protected":false},"excerpt":{"rendered":"<p>[vc_row color_skin=&#8220;skin-dark&#8220; css=&#8220;.vc_custom_1739203360625{background-image: url(https:\/\/www.jennifer-b-wind.com\/wordpress-2019\/wp-content\/uploads\/2025\/02\/Design-ohne-Titel-9.png?id=3861) !important;background-position: center !important;background-repeat: no-repeat !important;background-size: cover !important;}&#8220;][vc_column][gsf_heading title=&#8220;SkFBTkUlMjBKQU5TU0VO&#8220; title_color=&#8220;#ffffff&#8220; title_font_size=&#8220;100|80|60|48|40&#8243; sub_title_font_size=&#8220;18&#8243; el_class=&#8220;heading-border-bottom,mg-bottom-25&#8243;][vc_column_text el_class=&#8220;mg-bottom-50&#8243;] Autorin Romantisch &#8211; Leidenschaftlich &#8211; Dramatisch &#8211; Historisch [\/vc_column_text][\/vc_column][vc_column width=&#8220;5\/6&#8243; offset=&#8220;vc_col-lg-offset-3 vc_col-lg-6 vc_col-md-offset-2 vc_col-md-8 vc_col-sm-offset-1&#8243;][gsf_partners items=&#8220;2&#8243; is_slider=&#8220;on&#8220; opacity=&#8220;100&#8243; items_md=&#8220;4&#8243; items_sm=&#8220;4&#8243; items_xs=&#8220;3&#8243; items_mb=&#8220;2&#8243; partners=&#8220;%5B%7B%22image%22%3A%22236%22%2C%22link%22%3A%22url%3A%2523%7C%7C%7C%22%7D%2C%7B%22image%22%3A%22294%22%2C%22link%22%3A%22url%3A%2523%7C%7C%7C%22%7D%5D&#8220;][gsf_space desktop=&#8220;104&#8243; tablet=&#8220;80&#8243; tablet_portrait=&#8220;70&#8243; mobile_landscape=&#8220;60&#8243; mobile=&#8220;60&#8243;][\/vc_column][vc_column el_class=&#8220;md-mg-bottom-40&#8243; offset=&#8220;vc_col-md-4&#8243;][gsf_heading layout_style=&#8220;style-3&#8243; text_align=&#8220;text-left justify-content-start&#8220; title_color=&#8220;#ffffff&#8220; title_font_size=&#8220;48||40|34|30&#8243; title_line_height=&#8220;1.33|em&#8220; sub_title_font_size=&#8220;18&#8243; sub_title_use_theme_fonts=&#8220;&#8220; [&hellip;]<\/p>\n","protected":false},"author":2,"featured_media":0,"parent":0,"menu_order":0,"comment_status":"closed","ping_status":"closed","template":"","meta":[],"_links":{"self":[{"href":"https:\/\/www.jennifer-b-wind.com\/wordpress-2019\/wp-json\/wp\/v2\/pages\/3846"}],"collection":[{"href":"https:\/\/www.jennifer-b-wind.com\/wordpress-2019\/wp-json\/wp\/v2\/pages"}],"about":[{"href":"https:\/\/www.jennifer-b-wind.com\/wordpress-2019\/wp-json\/wp\/v2\/types\/page"}],"author":[{"embeddable":true,"href":"https:\/\/www.jennifer-b-wind.com\/wordpress-2019\/wp-json\/wp\/v2\/users\/2"}],"replies":[{"embeddable":true,"href":"https:\/\/www.jennifer-b-wind.com\/wordpress-2019\/wp-json\/wp\/v2\/comments?post=3846"}],"version-history":[{"count":15,"href":"https:\/\/www.jennifer-b-wind.com\/wordpress-2019\/wp-json\/wp\/v2\/pages\/3846\/revisions"}],"predecessor-version":[{"id":3984,"href":"https:\/\/www.jennifer-b-wind.com\/wordpress-2019\/wp-json\/wp\/v2\/pages\/3846\/revisions\/3984"}],"wp:attachment":[{"href":"https:\/\/www.jennifer-b-wind.com\/wordpress-2019\/wp-json\/wp\/v2\/media?parent=3846"}],"curies":[{"name":"wp","href":"https:\/\/api.w.org\/{rel}","templated":true}]}}